{"id":60853,"date":"2021-02-16T10:59:56","date_gmt":"2021-02-16T08:59:56","guid":{"rendered":"https:\/\/dev.tactic.net\/tuote\/schaeff-hr16-mini-gravmaskin\/"},"modified":"2023-10-20T17:01:05","modified_gmt":"2023-10-20T14:01:05","slug":"schaeff-hr16-mini-gravmaskin","status":"publish","type":"product","link":"https:\/\/games.tactic.net\/sv\/tuote\/schaeff-hr16-mini-gravmaskin\/","title":{"rendered":"Bruder Schaeff HR16 Mini Gr\u00e4vmaskin"},"content":{"rendered":"<p>Gr\u00e4varmen \u00e4r fullt fungerande, skopan kan tas bort och plogbladet \u00e4r justerbart. Jib-kranen p\u00e5 Schaeff minigr\u00e4varen kan artikuleras sidledes, vilket g\u00f6r en realistisk gr\u00e4vfunktion m\u00f6jlig. F\u00f6rarhytten p\u00e5 Schaeff minigr\u00e4varen roterar 360\u00b0 och gummisp\u00e5ren s\u00e4kerst\u00e4ller en mjukt rullande r\u00f6relse. <\/p>\n<p>Funktioner:<br \/>\nF\u00f6rarhytten kan rotera 360\u00b0.<br \/>\nAvtagbar skopa.<br \/>\nPlogbladet \u00e4r h\u00f6jdjusterbart och kan h\u00f6jas\/s\u00e4nkas och l\u00e5sas i position.<br \/>\nSidledes artikulerad utliggare.<br \/>\nGummisp\u00e5r.<br \/>\nFullt fungerande gr\u00e4varm.<\/p>\n<p>ALLM\u00c4NT:<br \/>\nKompatibel med bworld figur.<br \/>\nVARNING! Inte l\u00e4mplig f\u00f6r barn under 36 m\u00e5nader. Kv\u00e4vningsrisk &#8211; sm\u00e5 delar.<br \/>\nRekommenderad \u00e5lder: l\u00e4mplig fr\u00e5n 3 \u00e5r och upp\u00e5t f\u00f6r inomhus- och utomhuslek.<br \/>\ntillverkad av h\u00f6gkvalitativa plaster som ABS.<br \/>\nSkala 1:16<\/p>\n","protected":false},"excerpt":{"rendered":"<p>Gr\u00e4varmen \u00e4r fullt fungerande, skopan kan tas av och plogbladet \u00e4r justerbart. Kranen p\u00e5 Schaeff minigr\u00e4vare kan vridas i sidled. F\u00f6rarhytten kan sv\u00e4nga 360\u00b0.<\/p>\n","protected":false},"featured_media":0,"template":"","meta":{"content-type":"","_monsterinsights_skip_tracking":false,"_monsterinsights_sitenote_active":false,"_monsterinsights_sitenote_note":"","_monsterinsights_sitenote_category":0},"product_brand":[],"product_cat":[823],"product_tag":[],"brand":[],"target-group":[],"discontinued":[],"class_list":{"0":"post-60853","1":"product","2":"type-product","3":"status-publish","5":"product_cat-bruder","7":"first","8":"instock","9":"taxable","10":"shipping-taxable","11":"product-type-simple"},"aioseo_notices":[],"_links":{"self":[{"href":"https:\/\/games.tactic.net\/sv\/wp-json\/wp\/v2\/product\/60853","targetHints":{"allow":["GET"]}}],"collection":[{"href":"https:\/\/games.tactic.net\/sv\/wp-json\/wp\/v2\/product"}],"about":[{"href":"https:\/\/games.tactic.net\/sv\/wp-json\/wp\/v2\/types\/product"}],"wp:attachment":[{"href":"https:\/\/games.tactic.net\/sv\/wp-json\/wp\/v2\/media?parent=60853"}],"wp:term":[{"taxonomy":"product_brand","embeddable":true,"href":"https:\/\/games.tactic.net\/sv\/wp-json\/wp\/v2\/product_brand?post=60853"},{"taxonomy":"product_cat","embeddable":true,"href":"https:\/\/games.tactic.net\/sv\/wp-json\/wp\/v2\/product_cat?post=60853"},{"taxonomy":"product_tag","embeddable":true,"href":"https:\/\/games.tactic.net\/sv\/wp-json\/wp\/v2\/product_tag?post=60853"},{"taxonomy":"brand","embeddable":true,"href":"https:\/\/games.tactic.net\/sv\/wp-json\/wp\/v2\/brand?post=60853"},{"taxonomy":"target-group","embeddable":true,"href":"https:\/\/games.tactic.net\/sv\/wp-json\/wp\/v2\/target-group?post=60853"},{"taxonomy":"discontinued","embeddable":true,"href":"https:\/\/games.tactic.net\/sv\/wp-json\/wp\/v2\/discontinued?post=60853"}],"curies":[{"name":"wp","href":"https:\/\/api.w.org\/{rel}","templated":true}]}}