{"id":60852,"date":"2021-02-16T10:59:53","date_gmt":"2021-02-16T08:59:53","guid":{"rendered":"https:\/\/dev.tactic.net\/tuote\/liebherr-hjullastare-l574\/"},"modified":"2023-10-20T16:18:36","modified_gmt":"2023-10-20T13:18:36","slug":"liebherr-hjullastare-l574","status":"publish","type":"product","link":"https:\/\/games.tactic.net\/sv\/tuote\/liebherr-hjullastare-l574\/","title":{"rendered":"Bruder Liebherr Hjullastare L574"},"content":{"rendered":"<p>Liebherr L574 hjullastare har en stor tippbar frontskopa, som betj\u00e4nas med en hand. Midjestyrning och off-road bakaxeln ger smidig man\u00f6vrering. Motorhuven kan \u00f6ppnas s\u00e5 du kan se motorn.<\/p>\n","protected":false},"excerpt":{"rendered":"<p>Liebherr L574 hjullastare har en stor tippbar frontskopa, som betj\u00e4nas med en hand. Midjestyrning och off-road bakaxeln ger smidig man\u00f6vrering. Motorhuven kan \u00f6ppnas s\u00e5 du kan se motorn.<\/p>\n","protected":false},"featured_media":0,"template":"","meta":{"content-type":"","_monsterinsights_skip_tracking":false,"_monsterinsights_sitenote_active":false,"_monsterinsights_sitenote_note":"","_monsterinsights_sitenote_category":0},"product_brand":[],"product_cat":[823],"product_tag":[],"brand":[],"target-group":[],"discontinued":[],"class_list":{"0":"post-60852","1":"product","2":"type-product","3":"status-publish","5":"product_cat-bruder","7":"first","8":"instock","9":"taxable","10":"shipping-taxable","11":"product-type-simple"},"aioseo_notices":[],"_links":{"self":[{"href":"https:\/\/games.tactic.net\/sv\/wp-json\/wp\/v2\/product\/60852","targetHints":{"allow":["GET"]}}],"collection":[{"href":"https:\/\/games.tactic.net\/sv\/wp-json\/wp\/v2\/product"}],"about":[{"href":"https:\/\/games.tactic.net\/sv\/wp-json\/wp\/v2\/types\/product"}],"wp:attachment":[{"href":"https:\/\/games.tactic.net\/sv\/wp-json\/wp\/v2\/media?parent=60852"}],"wp:term":[{"taxonomy":"product_brand","embeddable":true,"href":"https:\/\/games.tactic.net\/sv\/wp-json\/wp\/v2\/product_brand?post=60852"},{"taxonomy":"product_cat","embeddable":true,"href":"https:\/\/games.tactic.net\/sv\/wp-json\/wp\/v2\/product_cat?post=60852"},{"taxonomy":"product_tag","embeddable":true,"href":"https:\/\/games.tactic.net\/sv\/wp-json\/wp\/v2\/product_tag?post=60852"},{"taxonomy":"brand","embeddable":true,"href":"https:\/\/games.tactic.net\/sv\/wp-json\/wp\/v2\/brand?post=60852"},{"taxonomy":"target-group","embeddable":true,"href":"https:\/\/games.tactic.net\/sv\/wp-json\/wp\/v2\/target-group?post=60852"},{"taxonomy":"discontinued","embeddable":true,"href":"https:\/\/games.tactic.net\/sv\/wp-json\/wp\/v2\/discontinued?post=60852"}],"curies":[{"name":"wp","href":"https:\/\/api.w.org\/{rel}","templated":true}]}}