{"id":60851,"date":"2021-02-16T10:59:50","date_gmt":"2021-02-16T08:59:50","guid":{"rendered":"https:\/\/dev.tactic.net\/tuote\/jcb-4cx-gravlastare\/"},"modified":"2023-10-20T15:54:34","modified_gmt":"2023-10-20T12:54:34","slug":"jcb-4cx-gravlastare","status":"publish","type":"product","link":"https:\/\/games.tactic.net\/sv\/tuote\/jcb-4cx-gravlastare\/","title":{"rendered":"Bruder JCB 4CX Gr\u00e4vlastare"},"content":{"rendered":"<p>Denna JCB traktorgr\u00e4vare har en fullt fungerande frontlastare. Bandgr\u00e4varen p\u00e5 den h\u00e4r unika leksaken r\u00f6r sig upp och ner och sv\u00e4nger fr\u00e5n sida till sida. St\u00f6dbenen str\u00e4cker sig ner till marken.<\/p>\n","protected":false},"excerpt":{"rendered":"<p>Denna JCB traktorgr\u00e4vare har en fullt fungerande frontlastare. Bandgr\u00e4varen p\u00e5 den h\u00e4r unika leksaken r\u00f6r sig upp och ner och sv\u00e4nger fr\u00e5n sida till sida. St\u00f6dbenen str\u00e4cker sig ner till marken.<\/p>\n","protected":false},"featured_media":0,"template":"","meta":{"content-type":"","_monsterinsights_skip_tracking":false,"_monsterinsights_sitenote_active":false,"_monsterinsights_sitenote_note":"","_monsterinsights_sitenote_category":0},"product_brand":[],"product_cat":[823],"product_tag":[],"brand":[],"target-group":[],"discontinued":[],"class_list":{"0":"post-60851","1":"product","2":"type-product","3":"status-publish","5":"product_cat-bruder","7":"first","8":"instock","9":"taxable","10":"shipping-taxable","11":"product-type-simple"},"aioseo_notices":[],"_links":{"self":[{"href":"https:\/\/games.tactic.net\/sv\/wp-json\/wp\/v2\/product\/60851","targetHints":{"allow":["GET"]}}],"collection":[{"href":"https:\/\/games.tactic.net\/sv\/wp-json\/wp\/v2\/product"}],"about":[{"href":"https:\/\/games.tactic.net\/sv\/wp-json\/wp\/v2\/types\/product"}],"wp:attachment":[{"href":"https:\/\/games.tactic.net\/sv\/wp-json\/wp\/v2\/media?parent=60851"}],"wp:term":[{"taxonomy":"product_brand","embeddable":true,"href":"https:\/\/games.tactic.net\/sv\/wp-json\/wp\/v2\/product_brand?post=60851"},{"taxonomy":"product_cat","embeddable":true,"href":"https:\/\/games.tactic.net\/sv\/wp-json\/wp\/v2\/product_cat?post=60851"},{"taxonomy":"product_tag","embeddable":true,"href":"https:\/\/games.tactic.net\/sv\/wp-json\/wp\/v2\/product_tag?post=60851"},{"taxonomy":"brand","embeddable":true,"href":"https:\/\/games.tactic.net\/sv\/wp-json\/wp\/v2\/brand?post=60851"},{"taxonomy":"target-group","embeddable":true,"href":"https:\/\/games.tactic.net\/sv\/wp-json\/wp\/v2\/target-group?post=60851"},{"taxonomy":"discontinued","embeddable":true,"href":"https:\/\/games.tactic.net\/sv\/wp-json\/wp\/v2\/discontinued?post=60851"}],"curies":[{"name":"wp","href":"https:\/\/api.w.org\/{rel}","templated":true}]}}