{"id":60850,"date":"2021-02-16T10:59:47","date_gmt":"2021-02-16T08:59:47","guid":{"rendered":"https:\/\/dev.tactic.net\/tuote\/jcb-midi-cx-gravlastare\/"},"modified":"2023-10-20T15:59:46","modified_gmt":"2023-10-20T12:59:46","slug":"jcb-midi-cx-gravlastare","status":"publish","type":"product","link":"https:\/\/games.tactic.net\/sv\/tuote\/jcb-midi-cx-gravlastare\/","title":{"rendered":"Bruder JCB MIDI CX Gr\u00e4vlastare"},"content":{"rendered":"<p>Traktorgr\u00e4varen kombinerar tre verktyg i ett; en minigr\u00e4vare, en kompakt hjullastare och en kompakt traktor. D\u00e4rf\u00f6r har den en fullt fungerande (och avtagbar) frontskopa samt en fullt anv\u00e4ndbar gr\u00e4vlastenhet, som kan tas av med en hand.<\/p>\n","protected":false},"excerpt":{"rendered":"<p>Traktorgr\u00e4varen kombinerar tre verktyg i ett; en minigr\u00e4vare, en kompakt hjullastare och en kompakt traktor. D\u00e4rf\u00f6r har den en fullt fungerande (och avtagbar) frontskopa samt en fullt anv\u00e4ndbar gr\u00e4vlastenhet, som kan tas av med en hand.<\/p>\n","protected":false},"featured_media":0,"template":"","meta":{"content-type":"","_monsterinsights_skip_tracking":false,"_monsterinsights_sitenote_active":false,"_monsterinsights_sitenote_note":"","_monsterinsights_sitenote_category":0},"product_brand":[],"product_cat":[823],"product_tag":[],"brand":[],"target-group":[],"discontinued":[],"class_list":{"0":"post-60850","1":"product","2":"type-product","3":"status-publish","5":"product_cat-bruder","7":"first","8":"instock","9":"taxable","10":"shipping-taxable","11":"product-type-simple"},"aioseo_notices":[],"_links":{"self":[{"href":"https:\/\/games.tactic.net\/sv\/wp-json\/wp\/v2\/product\/60850","targetHints":{"allow":["GET"]}}],"collection":[{"href":"https:\/\/games.tactic.net\/sv\/wp-json\/wp\/v2\/product"}],"about":[{"href":"https:\/\/games.tactic.net\/sv\/wp-json\/wp\/v2\/types\/product"}],"wp:attachment":[{"href":"https:\/\/games.tactic.net\/sv\/wp-json\/wp\/v2\/media?parent=60850"}],"wp:term":[{"taxonomy":"product_brand","embeddable":true,"href":"https:\/\/games.tactic.net\/sv\/wp-json\/wp\/v2\/product_brand?post=60850"},{"taxonomy":"product_cat","embeddable":true,"href":"https:\/\/games.tactic.net\/sv\/wp-json\/wp\/v2\/product_cat?post=60850"},{"taxonomy":"product_tag","embeddable":true,"href":"https:\/\/games.tactic.net\/sv\/wp-json\/wp\/v2\/product_tag?post=60850"},{"taxonomy":"brand","embeddable":true,"href":"https:\/\/games.tactic.net\/sv\/wp-json\/wp\/v2\/brand?post=60850"},{"taxonomy":"target-group","embeddable":true,"href":"https:\/\/games.tactic.net\/sv\/wp-json\/wp\/v2\/target-group?post=60850"},{"taxonomy":"discontinued","embeddable":true,"href":"https:\/\/games.tactic.net\/sv\/wp-json\/wp\/v2\/discontinued?post=60850"}],"curies":[{"name":"wp","href":"https:\/\/api.w.org\/{rel}","templated":true}]}}