{"id":60849,"date":"2021-02-16T10:59:44","date_gmt":"2021-02-16T08:59:44","guid":{"rendered":"https:\/\/dev.tactic.net\/tuote\/liebherr-gravmaskin\/"},"modified":"2023-10-20T16:19:00","modified_gmt":"2023-10-20T13:19:00","slug":"liebherr-gravmaskin","status":"publish","type":"product","link":"https:\/\/games.tactic.net\/sv\/tuote\/liebherr-gravmaskin\/","title":{"rendered":"Bruder Liebherr Gr\u00e4vmaskin"},"content":{"rendered":"<p>Skoparmen p\u00e5 Liebherr gr\u00e4vmaskin \u00e4r fullt fungerande och man\u00f6vreras med en spak. Hytten och armen kan vridas p\u00e5 chassit 360\u00b0. De tv\u00e5 st\u00f6dbenen ger stabilitet.<\/p>\n","protected":false},"excerpt":{"rendered":"<p>Skoparmen p\u00e5 Liebherr gr\u00e4vmaskin \u00e4r fullt fungerande och man\u00f6vreras med en spak. Hytten och armen kan vridas p\u00e5 chassit 360\u00b0. De tv\u00e5 st\u00f6dbenen ger stabilitet.<\/p>\n","protected":false},"featured_media":0,"template":"","meta":{"content-type":"","_monsterinsights_skip_tracking":false,"_monsterinsights_sitenote_active":false,"_monsterinsights_sitenote_note":"","_monsterinsights_sitenote_category":0},"product_brand":[],"product_cat":[823],"product_tag":[],"brand":[],"target-group":[],"discontinued":[],"class_list":{"0":"post-60849","1":"product","2":"type-product","3":"status-publish","5":"product_cat-bruder","7":"first","8":"instock","9":"taxable","10":"shipping-taxable","11":"product-type-simple"},"aioseo_notices":[],"_links":{"self":[{"href":"https:\/\/games.tactic.net\/sv\/wp-json\/wp\/v2\/product\/60849","targetHints":{"allow":["GET"]}}],"collection":[{"href":"https:\/\/games.tactic.net\/sv\/wp-json\/wp\/v2\/product"}],"about":[{"href":"https:\/\/games.tactic.net\/sv\/wp-json\/wp\/v2\/types\/product"}],"wp:attachment":[{"href":"https:\/\/games.tactic.net\/sv\/wp-json\/wp\/v2\/media?parent=60849"}],"wp:term":[{"taxonomy":"product_brand","embeddable":true,"href":"https:\/\/games.tactic.net\/sv\/wp-json\/wp\/v2\/product_brand?post=60849"},{"taxonomy":"product_cat","embeddable":true,"href":"https:\/\/games.tactic.net\/sv\/wp-json\/wp\/v2\/product_cat?post=60849"},{"taxonomy":"product_tag","embeddable":true,"href":"https:\/\/games.tactic.net\/sv\/wp-json\/wp\/v2\/product_tag?post=60849"},{"taxonomy":"brand","embeddable":true,"href":"https:\/\/games.tactic.net\/sv\/wp-json\/wp\/v2\/brand?post=60849"},{"taxonomy":"target-group","embeddable":true,"href":"https:\/\/games.tactic.net\/sv\/wp-json\/wp\/v2\/target-group?post=60849"},{"taxonomy":"discontinued","embeddable":true,"href":"https:\/\/games.tactic.net\/sv\/wp-json\/wp\/v2\/discontinued?post=60849"}],"curies":[{"name":"wp","href":"https:\/\/api.w.org\/{rel}","templated":true}]}}