{"id":60848,"date":"2021-02-16T10:59:42","date_gmt":"2021-02-16T08:59:42","guid":{"rendered":"https:\/\/dev.tactic.net\/tuote\/midjestyrd-hjullastare-fr-130\/"},"modified":"2023-10-20T15:26:02","modified_gmt":"2023-10-20T12:26:02","slug":"midjestyrd-hjullastare-fr-130","status":"publish","type":"product","link":"https:\/\/games.tactic.net\/sv\/tuote\/midjestyrd-hjullastare-fr-130\/","title":{"rendered":"Bruder Midjestyrd Hjullastare FR 130"},"content":{"rendered":"<p>FR 130 \u00e4r en midjestsyrd hjultraktor med fullt fungerande skoparm som kan l\u00e5sas i position. Skopan kan \u00e4ven tippas. Hjultraktorn \u00e4r l\u00e4tt att man\u00f6vrera med midjestyrningen.<\/p>\n","protected":false},"excerpt":{"rendered":"<p>FR 130 \u00e4r en midjestsyrd hjultraktor med fullt fungerande skoparm som kan l\u00e5sas i position. Skopan kan \u00e4ven tippas. Hjultraktorn \u00e4r l\u00e4tt att man\u00f6vrera med midjestyrningen.<\/p>\n","protected":false},"featured_media":0,"template":"","meta":{"content-type":"","_monsterinsights_skip_tracking":false,"_monsterinsights_sitenote_active":false,"_monsterinsights_sitenote_note":"","_monsterinsights_sitenote_category":0},"product_brand":[],"product_cat":[823],"product_tag":[],"brand":[],"target-group":[],"discontinued":[],"class_list":{"0":"post-60848","1":"product","2":"type-product","3":"status-publish","5":"product_cat-bruder","7":"first","8":"instock","9":"taxable","10":"shipping-taxable","11":"product-type-simple"},"aioseo_notices":[],"_links":{"self":[{"href":"https:\/\/games.tactic.net\/sv\/wp-json\/wp\/v2\/product\/60848","targetHints":{"allow":["GET"]}}],"collection":[{"href":"https:\/\/games.tactic.net\/sv\/wp-json\/wp\/v2\/product"}],"about":[{"href":"https:\/\/games.tactic.net\/sv\/wp-json\/wp\/v2\/types\/product"}],"wp:attachment":[{"href":"https:\/\/games.tactic.net\/sv\/wp-json\/wp\/v2\/media?parent=60848"}],"wp:term":[{"taxonomy":"product_brand","embeddable":true,"href":"https:\/\/games.tactic.net\/sv\/wp-json\/wp\/v2\/product_brand?post=60848"},{"taxonomy":"product_cat","embeddable":true,"href":"https:\/\/games.tactic.net\/sv\/wp-json\/wp\/v2\/product_cat?post=60848"},{"taxonomy":"product_tag","embeddable":true,"href":"https:\/\/games.tactic.net\/sv\/wp-json\/wp\/v2\/product_tag?post=60848"},{"taxonomy":"brand","embeddable":true,"href":"https:\/\/games.tactic.net\/sv\/wp-json\/wp\/v2\/brand?post=60848"},{"taxonomy":"target-group","embeddable":true,"href":"https:\/\/games.tactic.net\/sv\/wp-json\/wp\/v2\/target-group?post=60848"},{"taxonomy":"discontinued","embeddable":true,"href":"https:\/\/games.tactic.net\/sv\/wp-json\/wp\/v2\/discontinued?post=60848"}],"curies":[{"name":"wp","href":"https:\/\/api.w.org\/{rel}","templated":true}]}}