{"id":60847,"date":"2021-02-16T10:59:39","date_gmt":"2021-02-16T08:59:39","guid":{"rendered":"https:\/\/dev.tactic.net\/tuote\/cat-bulldozer\/"},"modified":"2023-10-20T15:33:39","modified_gmt":"2023-10-20T12:33:39","slug":"cat-bulldozer","status":"publish","type":"product","link":"https:\/\/games.tactic.net\/sv\/tuote\/cat-bulldozer\/","title":{"rendered":"Bruder CAT Bulldozer toy"},"content":{"rendered":"<p>Plogbladet p\u00e5 Caterpillars Bulldozer lyfts upp och ner och kan tiltas och l\u00e5sas i l\u00e4ge. Den har \u00e4ven en r\u00e4fsa som kan s\u00e4nkas eller tas av. Bulldozern har larvf\u00f6tter f\u00f6r b\u00e4ttre framkomlighet p\u00e5 oj\u00e4mnt underlag.<\/p>\n","protected":false},"excerpt":{"rendered":"<p>Plogbladet p\u00e5 Caterpillars Bulldozer lyfts upp och ner och kan tiltas och l\u00e5sas i l\u00e4ge. Den har \u00e4ven en r\u00e4fsa som kan s\u00e4nkas eller tas av. Bulldozern har larvf\u00f6tter f\u00f6r b\u00e4ttre framkomlighet p\u00e5 oj\u00e4mnt underlag.<\/p>\n","protected":false},"featured_media":0,"template":"","meta":{"content-type":"","_monsterinsights_skip_tracking":false,"_monsterinsights_sitenote_active":false,"_monsterinsights_sitenote_note":"","_monsterinsights_sitenote_category":0},"product_brand":[],"product_cat":[823],"product_tag":[],"brand":[],"target-group":[],"discontinued":[],"class_list":{"0":"post-60847","1":"product","2":"type-product","3":"status-publish","5":"product_cat-bruder","7":"first","8":"instock","9":"taxable","10":"shipping-taxable","11":"product-type-simple"},"aioseo_notices":[],"_links":{"self":[{"href":"https:\/\/games.tactic.net\/sv\/wp-json\/wp\/v2\/product\/60847","targetHints":{"allow":["GET"]}}],"collection":[{"href":"https:\/\/games.tactic.net\/sv\/wp-json\/wp\/v2\/product"}],"about":[{"href":"https:\/\/games.tactic.net\/sv\/wp-json\/wp\/v2\/types\/product"}],"wp:attachment":[{"href":"https:\/\/games.tactic.net\/sv\/wp-json\/wp\/v2\/media?parent=60847"}],"wp:term":[{"taxonomy":"product_brand","embeddable":true,"href":"https:\/\/games.tactic.net\/sv\/wp-json\/wp\/v2\/product_brand?post=60847"},{"taxonomy":"product_cat","embeddable":true,"href":"https:\/\/games.tactic.net\/sv\/wp-json\/wp\/v2\/product_cat?post=60847"},{"taxonomy":"product_tag","embeddable":true,"href":"https:\/\/games.tactic.net\/sv\/wp-json\/wp\/v2\/product_tag?post=60847"},{"taxonomy":"brand","embeddable":true,"href":"https:\/\/games.tactic.net\/sv\/wp-json\/wp\/v2\/brand?post=60847"},{"taxonomy":"target-group","embeddable":true,"href":"https:\/\/games.tactic.net\/sv\/wp-json\/wp\/v2\/target-group?post=60847"},{"taxonomy":"discontinued","embeddable":true,"href":"https:\/\/games.tactic.net\/sv\/wp-json\/wp\/v2\/discontinued?post=60847"}],"curies":[{"name":"wp","href":"https:\/\/api.w.org\/{rel}","templated":true}]}}