{"id":60846,"date":"2021-02-16T10:59:35","date_gmt":"2021-02-16T08:59:35","guid":{"rendered":"https:\/\/dev.tactic.net\/tuote\/pottinger-vitasem-302add-harv-samaskin\/"},"modified":"2023-10-20T16:54:06","modified_gmt":"2023-10-20T13:54:06","slug":"pottinger-vitasem-302add-harv-samaskin","status":"publish","type":"product","link":"https:\/\/games.tactic.net\/sv\/tuote\/pottinger-vitasem-302add-harv-samaskin\/","title":{"rendered":"Bruder P\u00f6ttinger Vitasem 302ADD Harv-S\u00e5maskin"},"content":{"rendered":"<p>P\u00f6ttinger Vitasem 302ADD \u00e4r en kombinerad rotorharv och s\u00e5maskin som anv\u00e4nds i jordbruket till markberedning och \u00e4r suver\u00e4n i att dosera fr\u00f6na snabbt och exakt. Barnen kan h\u00f6ja och s\u00e4nka enheten och med den integrerade lyftmekanismen kan de simulera verklighetens transport och arbetss\u00e4tt.<\/p>\n","protected":false},"excerpt":{"rendered":"<p>P\u00f6ttinger Vitasem 302ADD \u00e4r en kombinerad rotorharv och s\u00e5maskin som anv\u00e4nds i jordbruket till markberedning och \u00e4r suver\u00e4n i att dosera fr\u00f6na snabbt och exakt. Barnen kan h\u00f6ja och s\u00e4nka enheten och med den integrerade lyftmekanismen kan de simulera verklighetens transport och arbetss\u00e4tt.<\/p>\n","protected":false},"featured_media":0,"template":"","meta":{"content-type":"","_monsterinsights_skip_tracking":false,"_monsterinsights_sitenote_active":false,"_monsterinsights_sitenote_note":"","_monsterinsights_sitenote_category":0},"product_brand":[],"product_cat":[823],"product_tag":[],"brand":[],"target-group":[],"discontinued":[],"class_list":{"0":"post-60846","1":"product","2":"type-product","3":"status-publish","5":"product_cat-bruder","7":"first","8":"instock","9":"taxable","10":"shipping-taxable","11":"product-type-simple"},"aioseo_notices":[],"_links":{"self":[{"href":"https:\/\/games.tactic.net\/sv\/wp-json\/wp\/v2\/product\/60846","targetHints":{"allow":["GET"]}}],"collection":[{"href":"https:\/\/games.tactic.net\/sv\/wp-json\/wp\/v2\/product"}],"about":[{"href":"https:\/\/games.tactic.net\/sv\/wp-json\/wp\/v2\/types\/product"}],"wp:attachment":[{"href":"https:\/\/games.tactic.net\/sv\/wp-json\/wp\/v2\/media?parent=60846"}],"wp:term":[{"taxonomy":"product_brand","embeddable":true,"href":"https:\/\/games.tactic.net\/sv\/wp-json\/wp\/v2\/product_brand?post=60846"},{"taxonomy":"product_cat","embeddable":true,"href":"https:\/\/games.tactic.net\/sv\/wp-json\/wp\/v2\/product_cat?post=60846"},{"taxonomy":"product_tag","embeddable":true,"href":"https:\/\/games.tactic.net\/sv\/wp-json\/wp\/v2\/product_tag?post=60846"},{"taxonomy":"brand","embeddable":true,"href":"https:\/\/games.tactic.net\/sv\/wp-json\/wp\/v2\/brand?post=60846"},{"taxonomy":"target-group","embeddable":true,"href":"https:\/\/games.tactic.net\/sv\/wp-json\/wp\/v2\/target-group?post=60846"},{"taxonomy":"discontinued","embeddable":true,"href":"https:\/\/games.tactic.net\/sv\/wp-json\/wp\/v2\/discontinued?post=60846"}],"curies":[{"name":"wp","href":"https:\/\/api.w.org\/{rel}","templated":true}]}}