{"id":60845,"date":"2021-02-16T10:59:33","date_gmt":"2021-02-16T08:59:33","guid":{"rendered":"https:\/\/dev.tactic.net\/tuote\/pottinger-lion-3002-harv\/"},"modified":"2023-10-20T15:24:33","modified_gmt":"2023-10-20T12:24:33","slug":"pottinger-lion-3002-harv","status":"publish","type":"product","link":"https:\/\/games.tactic.net\/sv\/tuote\/pottinger-lion-3002-harv\/","title":{"rendered":"Bruder P\u00f6ttinger Lion 3002 Harv"},"content":{"rendered":"<p>Pl\u00f6ttinger Lion 3002 rotorharv \u00e4r avsedd f\u00f6r jordbearbetning inom lantbruket och anv\u00e4nds i f\u00f6rsta hand f\u00f6r att skapa en s\u00e5b\u00e4dd f\u00f6re s\u00e5dd. Med den integrerade lyftmekanismen kan barnen h\u00f6ja och s\u00e4nka enheten och korrekt simulera verklighetens transport och arbetsposition.<\/p>\n","protected":false},"excerpt":{"rendered":"<p>Pl\u00f6ttinger Lion 3002 rotorharv \u00e4r avsedd f\u00f6r jordbearbetning inom lantbruket och anv\u00e4nds i f\u00f6rsta hand f\u00f6r att skapa en s\u00e5b\u00e4dd f\u00f6re s\u00e5dd. Med den integrerade lyftmekanismen kan barnen h\u00f6ja och s\u00e4nka enheten och korrekt simulera verklighetens transport och arbetsposition.<\/p>\n","protected":false},"featured_media":0,"template":"","meta":{"content-type":"","_monsterinsights_skip_tracking":false,"_monsterinsights_sitenote_active":false,"_monsterinsights_sitenote_note":"","_monsterinsights_sitenote_category":0},"product_brand":[],"product_cat":[823],"product_tag":[],"brand":[],"target-group":[],"discontinued":[],"class_list":{"0":"post-60845","1":"product","2":"type-product","3":"status-publish","5":"product_cat-bruder","7":"first","8":"instock","9":"taxable","10":"shipping-taxable","11":"product-type-simple"},"aioseo_notices":[],"_links":{"self":[{"href":"https:\/\/games.tactic.net\/sv\/wp-json\/wp\/v2\/product\/60845","targetHints":{"allow":["GET"]}}],"collection":[{"href":"https:\/\/games.tactic.net\/sv\/wp-json\/wp\/v2\/product"}],"about":[{"href":"https:\/\/games.tactic.net\/sv\/wp-json\/wp\/v2\/types\/product"}],"wp:attachment":[{"href":"https:\/\/games.tactic.net\/sv\/wp-json\/wp\/v2\/media?parent=60845"}],"wp:term":[{"taxonomy":"product_brand","embeddable":true,"href":"https:\/\/games.tactic.net\/sv\/wp-json\/wp\/v2\/product_brand?post=60845"},{"taxonomy":"product_cat","embeddable":true,"href":"https:\/\/games.tactic.net\/sv\/wp-json\/wp\/v2\/product_cat?post=60845"},{"taxonomy":"product_tag","embeddable":true,"href":"https:\/\/games.tactic.net\/sv\/wp-json\/wp\/v2\/product_tag?post=60845"},{"taxonomy":"brand","embeddable":true,"href":"https:\/\/games.tactic.net\/sv\/wp-json\/wp\/v2\/brand?post=60845"},{"taxonomy":"target-group","embeddable":true,"href":"https:\/\/games.tactic.net\/sv\/wp-json\/wp\/v2\/target-group?post=60845"},{"taxonomy":"discontinued","embeddable":true,"href":"https:\/\/games.tactic.net\/sv\/wp-json\/wp\/v2\/discontinued?post=60845"}],"curies":[{"name":"wp","href":"https:\/\/api.w.org\/{rel}","templated":true}]}}