{"id":60842,"date":"2021-02-16T10:59:24","date_gmt":"2021-02-16T08:59:24","guid":{"rendered":"https:\/\/dev.tactic.net\/tuote\/tillbehor-vogel-vaxtskyddsspruta\/"},"modified":"2024-03-12T08:51:25","modified_gmt":"2024-03-12T06:51:25","slug":"tillbehor-vogel-vaxtskyddsspruta","status":"archive","type":"product","link":"https:\/\/games.tactic.net\/sv\/tuote\/tillbehor-vogel-vaxtskyddsspruta\/","title":{"rendered":"Tillbeh\u00f6r: Vogel V\u00e4xtskyddsspruta"},"content":{"rendered":"<p>Marksprutans bom kan h\u00f6jdjusteras, f\u00e4llas upp och l\u00e5sas fast. Marksprutan passar alla traktorer i Profi serien.<\/p>\n","protected":false},"excerpt":{"rendered":"<p>Marksprutans bom kan h\u00f6jdjusteras, f\u00e4llas upp och l\u00e5sas fast. Marksprutan passar alla traktorer i Profi serien.<\/p>\n","protected":false},"featured_media":0,"template":"","meta":{"content-type":"","_monsterinsights_skip_tracking":false,"_monsterinsights_sitenote_active":false,"_monsterinsights_sitenote_note":"","_monsterinsights_sitenote_category":0},"product_brand":[],"product_cat":[2018,726],"product_tag":[],"brand":[],"target-group":[],"discontinued":[],"class_list":{"0":"post-60842","1":"product","2":"type-product","3":"status-archive","5":"product_cat-bruder-5","6":"product_cat-leksaker","8":"first","9":"outofstock","10":"taxable","11":"shipping-taxable","12":"product-type-simple"},"aioseo_notices":[],"_links":{"self":[{"href":"https:\/\/games.tactic.net\/sv\/wp-json\/wp\/v2\/product\/60842","targetHints":{"allow":["GET"]}}],"collection":[{"href":"https:\/\/games.tactic.net\/sv\/wp-json\/wp\/v2\/product"}],"about":[{"href":"https:\/\/games.tactic.net\/sv\/wp-json\/wp\/v2\/types\/product"}],"wp:attachment":[{"href":"https:\/\/games.tactic.net\/sv\/wp-json\/wp\/v2\/media?parent=60842"}],"wp:term":[{"taxonomy":"product_brand","embeddable":true,"href":"https:\/\/games.tactic.net\/sv\/wp-json\/wp\/v2\/product_brand?post=60842"},{"taxonomy":"product_cat","embeddable":true,"href":"https:\/\/games.tactic.net\/sv\/wp-json\/wp\/v2\/product_cat?post=60842"},{"taxonomy":"product_tag","embeddable":true,"href":"https:\/\/games.tactic.net\/sv\/wp-json\/wp\/v2\/product_tag?post=60842"},{"taxonomy":"brand","embeddable":true,"href":"https:\/\/games.tactic.net\/sv\/wp-json\/wp\/v2\/brand?post=60842"},{"taxonomy":"target-group","embeddable":true,"href":"https:\/\/games.tactic.net\/sv\/wp-json\/wp\/v2\/target-group?post=60842"},{"taxonomy":"discontinued","embeddable":true,"href":"https:\/\/games.tactic.net\/sv\/wp-json\/wp\/v2\/discontinued?post=60842"}],"curies":[{"name":"wp","href":"https:\/\/api.w.org\/{rel}","templated":true}]}}