{"id":60840,"date":"2021-02-16T10:59:19","date_gmt":"2021-02-16T08:59:19","guid":{"rendered":"https:\/\/dev.tactic.net\/tuote\/tilllbehor-amazone-samaskin\/"},"modified":"2023-10-20T15:20:52","modified_gmt":"2023-10-20T12:20:52","slug":"tilllbehor-amazone-samaskin","status":"publish","type":"product","link":"https:\/\/games.tactic.net\/sv\/tuote\/tilllbehor-amazone-samaskin\/","title":{"rendered":"Bruder Tilllbeh\u00f6r: Amazone S\u00e5maskin"},"content":{"rendered":"<p>Denna fullt fungerande s\u00e5maskin har en fr\u00f6beh\u00e5llare med lock. Beh\u00e5llaren kan fyllas p\u00e5.<\/p>\n","protected":false},"excerpt":{"rendered":"<p>Denna fullt fungerande s\u00e5maskin har en fr\u00f6beh\u00e5llare med lock. Beh\u00e5llaren kan fyllas p\u00e5.<\/p>\n","protected":false},"featured_media":0,"template":"","meta":{"content-type":"","_monsterinsights_skip_tracking":false,"_monsterinsights_sitenote_active":false,"_monsterinsights_sitenote_note":"","_monsterinsights_sitenote_category":0},"product_brand":[],"product_cat":[823],"product_tag":[],"brand":[],"target-group":[],"discontinued":[],"class_list":{"0":"post-60840","1":"product","2":"type-product","3":"status-publish","5":"product_cat-bruder","7":"first","8":"outofstock","9":"taxable","10":"shipping-taxable","11":"product-type-simple"},"aioseo_notices":[],"_links":{"self":[{"href":"https:\/\/games.tactic.net\/sv\/wp-json\/wp\/v2\/product\/60840","targetHints":{"allow":["GET"]}}],"collection":[{"href":"https:\/\/games.tactic.net\/sv\/wp-json\/wp\/v2\/product"}],"about":[{"href":"https:\/\/games.tactic.net\/sv\/wp-json\/wp\/v2\/types\/product"}],"wp:attachment":[{"href":"https:\/\/games.tactic.net\/sv\/wp-json\/wp\/v2\/media?parent=60840"}],"wp:term":[{"taxonomy":"product_brand","embeddable":true,"href":"https:\/\/games.tactic.net\/sv\/wp-json\/wp\/v2\/product_brand?post=60840"},{"taxonomy":"product_cat","embeddable":true,"href":"https:\/\/games.tactic.net\/sv\/wp-json\/wp\/v2\/product_cat?post=60840"},{"taxonomy":"product_tag","embeddable":true,"href":"https:\/\/games.tactic.net\/sv\/wp-json\/wp\/v2\/product_tag?post=60840"},{"taxonomy":"brand","embeddable":true,"href":"https:\/\/games.tactic.net\/sv\/wp-json\/wp\/v2\/brand?post=60840"},{"taxonomy":"target-group","embeddable":true,"href":"https:\/\/games.tactic.net\/sv\/wp-json\/wp\/v2\/target-group?post=60840"},{"taxonomy":"discontinued","embeddable":true,"href":"https:\/\/games.tactic.net\/sv\/wp-json\/wp\/v2\/discontinued?post=60840"}],"curies":[{"name":"wp","href":"https:\/\/api.w.org\/{rel}","templated":true}]}}