{"id":60823,"date":"2021-02-16T10:59:09","date_gmt":"2021-02-16T08:59:09","guid":{"rendered":"https:\/\/dev.tactic.net\/tuote\/tillbehor-claas-front-disco-3050-fc-plus-slattermaskin\/"},"modified":"2023-10-20T15:22:03","modified_gmt":"2023-10-20T12:22:03","slug":"tillbehor-claas-front-disco-3050-fc-plus-slattermaskin","status":"publish","type":"product","link":"https:\/\/games.tactic.net\/sv\/tuote\/tillbehor-claas-front-disco-3050-fc-plus-slattermaskin\/","title":{"rendered":"Bruder Tillbeh\u00f6r: Claas Front Disco 3050 FC Plus Sl\u00e5ttermaskin"},"content":{"rendered":"<p>Sl\u00e5ttermaskinen \u00e4r avfj\u00e4drad f\u00f6r att klara oj\u00e4mna underlag. Den fr\u00e4mre klipparen kan s\u00e4nkas och h\u00f6jas separat.<\/p>\n","protected":false},"excerpt":{"rendered":"<p>Sl\u00e5ttermaskinen \u00e4r avfj\u00e4drad f\u00f6r att klara oj\u00e4mna underlag. Den fr\u00e4mre klipparen kan s\u00e4nkas och h\u00f6jas separat.<\/p>\n","protected":false},"featured_media":0,"template":"","meta":{"content-type":"","_monsterinsights_skip_tracking":false,"_monsterinsights_sitenote_active":false,"_monsterinsights_sitenote_note":"","_monsterinsights_sitenote_category":0},"product_brand":[],"product_cat":[823],"product_tag":[],"brand":[],"target-group":[],"discontinued":[],"class_list":{"0":"post-60823","1":"product","2":"type-product","3":"status-publish","5":"product_cat-bruder","7":"first","8":"instock","9":"taxable","10":"shipping-taxable","11":"product-type-simple"},"aioseo_notices":[],"_links":{"self":[{"href":"https:\/\/games.tactic.net\/sv\/wp-json\/wp\/v2\/product\/60823","targetHints":{"allow":["GET"]}}],"collection":[{"href":"https:\/\/games.tactic.net\/sv\/wp-json\/wp\/v2\/product"}],"about":[{"href":"https:\/\/games.tactic.net\/sv\/wp-json\/wp\/v2\/types\/product"}],"wp:attachment":[{"href":"https:\/\/games.tactic.net\/sv\/wp-json\/wp\/v2\/media?parent=60823"}],"wp:term":[{"taxonomy":"product_brand","embeddable":true,"href":"https:\/\/games.tactic.net\/sv\/wp-json\/wp\/v2\/product_brand?post=60823"},{"taxonomy":"product_cat","embeddable":true,"href":"https:\/\/games.tactic.net\/sv\/wp-json\/wp\/v2\/product_cat?post=60823"},{"taxonomy":"product_tag","embeddable":true,"href":"https:\/\/games.tactic.net\/sv\/wp-json\/wp\/v2\/product_tag?post=60823"},{"taxonomy":"brand","embeddable":true,"href":"https:\/\/games.tactic.net\/sv\/wp-json\/wp\/v2\/brand?post=60823"},{"taxonomy":"target-group","embeddable":true,"href":"https:\/\/games.tactic.net\/sv\/wp-json\/wp\/v2\/target-group?post=60823"},{"taxonomy":"discontinued","embeddable":true,"href":"https:\/\/games.tactic.net\/sv\/wp-json\/wp\/v2\/discontinued?post=60823"}],"curies":[{"name":"wp","href":"https:\/\/api.w.org\/{rel}","templated":true}]}}