{"id":60819,"date":"2021-02-16T10:58:57","date_gmt":"2021-02-16T08:58:57","guid":{"rendered":"https:\/\/dev.tactic.net\/tuote\/timmerslap-med-lyftkran-inkl-4-timmerstockar\/"},"modified":"2023-10-20T15:53:02","modified_gmt":"2023-10-20T12:53:02","slug":"timmerslap-med-lyftkran-inkl-4-timmerstockar","status":"publish","type":"product","link":"https:\/\/games.tactic.net\/sv\/tuote\/timmerslap-med-lyftkran-inkl-4-timmerstockar\/","title":{"rendered":"Bruder Timmersl\u00e4p med lyftkran, inkl. 4 timmerstockar"},"content":{"rendered":"<p>Den h\u00e4r effektiva timmervagnen har flyttbara st\u00e4nger och tv\u00e5 st\u00f6dben samt fyra stockar att leka med. Med den terr\u00e4ngg\u00e5ende oscillerande axeln kan vagnen arbeta i sv\u00e5r terr\u00e4ng. Modellen har en sv\u00e4ngbar kran f\u00f6r lastning och lossning.<\/p>\n","protected":false},"excerpt":{"rendered":"<p>Den h\u00e4r effektiva timmervagnen har flyttbara st\u00e4nger och tv\u00e5 st\u00f6dben samt fyra stockar att leka med. Med den terr\u00e4ngg\u00e5ende oscillerande axeln kan vagnen arbeta i sv\u00e5r terr\u00e4ng. Modellen har en sv\u00e4ngbar kran f\u00f6r lastning och lossning.<\/p>\n","protected":false},"featured_media":0,"template":"","meta":{"content-type":"","_monsterinsights_skip_tracking":false,"_monsterinsights_sitenote_active":false,"_monsterinsights_sitenote_note":"","_monsterinsights_sitenote_category":0},"product_brand":[],"product_cat":[823],"product_tag":[],"brand":[],"target-group":[],"discontinued":[],"class_list":{"0":"post-60819","1":"product","2":"type-product","3":"status-publish","5":"product_cat-bruder","7":"first","8":"outofstock","9":"taxable","10":"shipping-taxable","11":"product-type-simple"},"aioseo_notices":[],"_links":{"self":[{"href":"https:\/\/games.tactic.net\/sv\/wp-json\/wp\/v2\/product\/60819","targetHints":{"allow":["GET"]}}],"collection":[{"href":"https:\/\/games.tactic.net\/sv\/wp-json\/wp\/v2\/product"}],"about":[{"href":"https:\/\/games.tactic.net\/sv\/wp-json\/wp\/v2\/types\/product"}],"wp:attachment":[{"href":"https:\/\/games.tactic.net\/sv\/wp-json\/wp\/v2\/media?parent=60819"}],"wp:term":[{"taxonomy":"product_brand","embeddable":true,"href":"https:\/\/games.tactic.net\/sv\/wp-json\/wp\/v2\/product_brand?post=60819"},{"taxonomy":"product_cat","embeddable":true,"href":"https:\/\/games.tactic.net\/sv\/wp-json\/wp\/v2\/product_cat?post=60819"},{"taxonomy":"product_tag","embeddable":true,"href":"https:\/\/games.tactic.net\/sv\/wp-json\/wp\/v2\/product_tag?post=60819"},{"taxonomy":"brand","embeddable":true,"href":"https:\/\/games.tactic.net\/sv\/wp-json\/wp\/v2\/brand?post=60819"},{"taxonomy":"target-group","embeddable":true,"href":"https:\/\/games.tactic.net\/sv\/wp-json\/wp\/v2\/target-group?post=60819"},{"taxonomy":"discontinued","embeddable":true,"href":"https:\/\/games.tactic.net\/sv\/wp-json\/wp\/v2\/discontinued?post=60819"}],"curies":[{"name":"wp","href":"https:\/\/api.w.org\/{rel}","templated":true}]}}