{"id":60818,"date":"2021-02-16T10:58:54","date_gmt":"2021-02-16T08:58:54","guid":{"rendered":"https:\/\/dev.tactic.net\/tuote\/lemken-vari-titan-vaxelplog\/"},"modified":"2023-10-20T16:11:50","modified_gmt":"2023-10-20T13:11:50","slug":"lemken-vari-titan-vaxelplog","status":"publish","type":"product","link":"https:\/\/games.tactic.net\/sv\/tuote\/lemken-vari-titan-vaxelplog\/","title":{"rendered":"Bruder LEMKEN Vari-Titan V\u00e4xelplog"},"content":{"rendered":"<p>Den v\u00e4ndbara plogen kan v\u00e4ndas 180\u00b0 och g\u00f6r den mycket smidig och anv\u00e4ndbar \u00e4ven i kuperad och sv\u00e5r terr\u00e4ng. De stora l\u00e4nkhjulen minimerar marktrycket vid pl\u00f6jning och ger s\u00e4ker transport p\u00e5 v\u00e4g.<\/p>\n","protected":false},"excerpt":{"rendered":"<p>Den v\u00e4ndbara plogen kan v\u00e4ndas 180\u00b0 och g\u00f6r den mycket smidig och anv\u00e4ndbar \u00e4ven i kuperad och sv\u00e5r terr\u00e4ng. De stora l\u00e4nkhjulen minimerar marktrycket vid pl\u00f6jning och ger s\u00e4ker transport p\u00e5 v\u00e4g.<\/p>\n","protected":false},"featured_media":0,"template":"","meta":{"content-type":"","_monsterinsights_skip_tracking":false,"_monsterinsights_sitenote_active":false,"_monsterinsights_sitenote_note":"","_monsterinsights_sitenote_category":0},"product_brand":[],"product_cat":[823],"product_tag":[],"brand":[],"target-group":[],"discontinued":[],"class_list":{"0":"post-60818","1":"product","2":"type-product","3":"status-publish","5":"product_cat-bruder","7":"first","8":"instock","9":"taxable","10":"shipping-taxable","11":"product-type-simple"},"aioseo_notices":[],"_links":{"self":[{"href":"https:\/\/games.tactic.net\/sv\/wp-json\/wp\/v2\/product\/60818","targetHints":{"allow":["GET"]}}],"collection":[{"href":"https:\/\/games.tactic.net\/sv\/wp-json\/wp\/v2\/product"}],"about":[{"href":"https:\/\/games.tactic.net\/sv\/wp-json\/wp\/v2\/types\/product"}],"wp:attachment":[{"href":"https:\/\/games.tactic.net\/sv\/wp-json\/wp\/v2\/media?parent=60818"}],"wp:term":[{"taxonomy":"product_brand","embeddable":true,"href":"https:\/\/games.tactic.net\/sv\/wp-json\/wp\/v2\/product_brand?post=60818"},{"taxonomy":"product_cat","embeddable":true,"href":"https:\/\/games.tactic.net\/sv\/wp-json\/wp\/v2\/product_cat?post=60818"},{"taxonomy":"product_tag","embeddable":true,"href":"https:\/\/games.tactic.net\/sv\/wp-json\/wp\/v2\/product_tag?post=60818"},{"taxonomy":"brand","embeddable":true,"href":"https:\/\/games.tactic.net\/sv\/wp-json\/wp\/v2\/brand?post=60818"},{"taxonomy":"target-group","embeddable":true,"href":"https:\/\/games.tactic.net\/sv\/wp-json\/wp\/v2\/target-group?post=60818"},{"taxonomy":"discontinued","embeddable":true,"href":"https:\/\/games.tactic.net\/sv\/wp-json\/wp\/v2\/discontinued?post=60818"}],"curies":[{"name":"wp","href":"https:\/\/api.w.org\/{rel}","templated":true}]}}