{"id":60816,"date":"2021-02-16T10:58:48","date_gmt":"2021-02-16T08:58:48","guid":{"rendered":"https:\/\/dev.tactic.net\/tuote\/krampe-tandem-halfpipe-tippslap\/"},"modified":"2023-10-20T16:08:01","modified_gmt":"2023-10-20T13:08:01","slug":"krampe-tandem-halfpipe-tippslap","status":"publish","type":"product","link":"https:\/\/games.tactic.net\/sv\/tuote\/krampe-tandem-halfpipe-tippslap\/","title":{"rendered":"Bruder Krampe Tandem-Halfpipe Tippsl\u00e4p"},"content":{"rendered":"<p>Genom sin smarta design och robusta konstruktion h\u00e5lls lastat material perfekt centrerat, vilket ger en k\u00f6rstabilitet som inte kan uppn\u00e5s med l\u00e5dformad design. Sp\u00e4rrar som kan l\u00e5sas i flera steg g\u00f6r det extra kul att leka med den h\u00e4r vagnen.<\/p>\n","protected":false},"excerpt":{"rendered":"<p>Genom sin smarta design och robusta konstruktion h\u00e5lls lastat material perfekt centrerat, vilket ger en k\u00f6rstabilitet som inte kan uppn\u00e5s med l\u00e5dformad design. Sp\u00e4rrar som kan l\u00e5sas i flera steg g\u00f6r det extra kul att leka med den h\u00e4r vagnen.<\/p>\n","protected":false},"featured_media":0,"template":"","meta":{"content-type":"","_monsterinsights_skip_tracking":false,"_monsterinsights_sitenote_active":false,"_monsterinsights_sitenote_note":"","_monsterinsights_sitenote_category":0},"product_brand":[],"product_cat":[823],"product_tag":[],"brand":[],"target-group":[],"discontinued":[],"class_list":{"0":"post-60816","1":"product","2":"type-product","3":"status-publish","5":"product_cat-bruder","7":"first","8":"instock","9":"taxable","10":"shipping-taxable","11":"product-type-simple"},"aioseo_notices":[],"_links":{"self":[{"href":"https:\/\/games.tactic.net\/sv\/wp-json\/wp\/v2\/product\/60816","targetHints":{"allow":["GET"]}}],"collection":[{"href":"https:\/\/games.tactic.net\/sv\/wp-json\/wp\/v2\/product"}],"about":[{"href":"https:\/\/games.tactic.net\/sv\/wp-json\/wp\/v2\/types\/product"}],"wp:attachment":[{"href":"https:\/\/games.tactic.net\/sv\/wp-json\/wp\/v2\/media?parent=60816"}],"wp:term":[{"taxonomy":"product_brand","embeddable":true,"href":"https:\/\/games.tactic.net\/sv\/wp-json\/wp\/v2\/product_brand?post=60816"},{"taxonomy":"product_cat","embeddable":true,"href":"https:\/\/games.tactic.net\/sv\/wp-json\/wp\/v2\/product_cat?post=60816"},{"taxonomy":"product_tag","embeddable":true,"href":"https:\/\/games.tactic.net\/sv\/wp-json\/wp\/v2\/product_tag?post=60816"},{"taxonomy":"brand","embeddable":true,"href":"https:\/\/games.tactic.net\/sv\/wp-json\/wp\/v2\/brand?post=60816"},{"taxonomy":"target-group","embeddable":true,"href":"https:\/\/games.tactic.net\/sv\/wp-json\/wp\/v2\/target-group?post=60816"},{"taxonomy":"discontinued","embeddable":true,"href":"https:\/\/games.tactic.net\/sv\/wp-json\/wp\/v2\/discontinued?post=60816"}],"curies":[{"name":"wp","href":"https:\/\/api.w.org\/{rel}","templated":true}]}}