{"id":60800,"date":"2021-02-16T10:58:45","date_gmt":"2021-02-16T08:58:45","guid":{"rendered":"https:\/\/dev.tactic.net\/tuote\/krone-rotorhovandare\/"},"modified":"2023-10-20T16:09:26","modified_gmt":"2023-10-20T13:09:26","slug":"krone-rotorhovandare","status":"publish","type":"product","link":"https:\/\/games.tactic.net\/sv\/tuote\/krone-rotorhovandare\/","title":{"rendered":"Bruder Krone Rotorh\u00f6v\u00e4ndare"},"content":{"rendered":"<p>Denna h\u00f6v\u00e4ndningsmaskin har en balk som h\u00e5ller redskapen och som kan vikas p\u00e5 flera st\u00e4llen. V\u00e4gvagnen som \u00e4r uppf\u00e4lld under arbete p\u00e5 f\u00e4ltet kan f\u00e4llas ned. Modellen utm\u00e4rker sig med de individuella r\u00e4fsarna, som parvis roterar, precis som originalet.<\/p>\n","protected":false},"excerpt":{"rendered":"<p>Denna h\u00f6v\u00e4ndningsmaskin har en balk som h\u00e5ller redskapen och som kan vikas p\u00e5 flera st\u00e4llen. V\u00e4gvagnen som \u00e4r uppf\u00e4lld under arbete p\u00e5 f\u00e4ltet kan f\u00e4llas ned. Modellen utm\u00e4rker sig med de individuella r\u00e4fsarna, som parvis roterar, precis som originalet.<\/p>\n","protected":false},"featured_media":0,"template":"","meta":{"content-type":"","_monsterinsights_skip_tracking":false,"_monsterinsights_sitenote_active":false,"_monsterinsights_sitenote_note":"","_monsterinsights_sitenote_category":0},"product_brand":[],"product_cat":[823],"product_tag":[],"brand":[],"target-group":[],"discontinued":[],"class_list":{"0":"post-60800","1":"product","2":"type-product","3":"status-publish","5":"product_cat-bruder","7":"first","8":"instock","9":"taxable","10":"shipping-taxable","11":"product-type-simple"},"aioseo_notices":[],"_links":{"self":[{"href":"https:\/\/games.tactic.net\/sv\/wp-json\/wp\/v2\/product\/60800","targetHints":{"allow":["GET"]}}],"collection":[{"href":"https:\/\/games.tactic.net\/sv\/wp-json\/wp\/v2\/product"}],"about":[{"href":"https:\/\/games.tactic.net\/sv\/wp-json\/wp\/v2\/types\/product"}],"wp:attachment":[{"href":"https:\/\/games.tactic.net\/sv\/wp-json\/wp\/v2\/media?parent=60800"}],"wp:term":[{"taxonomy":"product_brand","embeddable":true,"href":"https:\/\/games.tactic.net\/sv\/wp-json\/wp\/v2\/product_brand?post=60800"},{"taxonomy":"product_cat","embeddable":true,"href":"https:\/\/games.tactic.net\/sv\/wp-json\/wp\/v2\/product_cat?post=60800"},{"taxonomy":"product_tag","embeddable":true,"href":"https:\/\/games.tactic.net\/sv\/wp-json\/wp\/v2\/product_tag?post=60800"},{"taxonomy":"brand","embeddable":true,"href":"https:\/\/games.tactic.net\/sv\/wp-json\/wp\/v2\/brand?post=60800"},{"taxonomy":"target-group","embeddable":true,"href":"https:\/\/games.tactic.net\/sv\/wp-json\/wp\/v2\/target-group?post=60800"},{"taxonomy":"discontinued","embeddable":true,"href":"https:\/\/games.tactic.net\/sv\/wp-json\/wp\/v2\/discontinued?post=60800"}],"curies":[{"name":"wp","href":"https:\/\/api.w.org\/{rel}","templated":true}]}}