{"id":60799,"date":"2021-02-16T10:58:42","date_gmt":"2021-02-16T08:58:42","guid":{"rendered":"https:\/\/dev.tactic.net\/tuote\/lemken-frontpacker-variopack-k\/"},"modified":"2023-10-20T16:11:22","modified_gmt":"2023-10-20T13:11:22","slug":"lemken-frontpacker-variopack-k","status":"publish","type":"product","link":"https:\/\/games.tactic.net\/sv\/tuote\/lemken-frontpacker-variopack-k\/","title":{"rendered":"Bruder LEMKEN Frontpacker VarioPack K"},"content":{"rendered":"<p>Utrustningen j\u00e4mnar ut jorden och g\u00f6r den klar f\u00f6r s\u00e5dd. Denna modell kan kopplas fram eller bak p\u00e5 Bruder traktorer. Bearbetningsenheterna kan f\u00e4llas upp 90\u00b0 till vertikal position f\u00f6r v\u00e4gtransport.<\/p>\n","protected":false},"excerpt":{"rendered":"<p>Utrustningen j\u00e4mnar ut jorden och g\u00f6r den klar f\u00f6r s\u00e5dd. Denna modell kan kopplas fram eller bak p\u00e5 Bruder traktorer. Bearbetningsenheterna kan f\u00e4llas upp 90\u00b0 till vertikal position f\u00f6r v\u00e4gtransport.<\/p>\n","protected":false},"featured_media":0,"template":"","meta":{"content-type":"","_monsterinsights_skip_tracking":false,"_monsterinsights_sitenote_active":false,"_monsterinsights_sitenote_note":"","_monsterinsights_sitenote_category":0},"product_brand":[],"product_cat":[823],"product_tag":[],"brand":[],"target-group":[],"discontinued":[],"class_list":{"0":"post-60799","1":"product","2":"type-product","3":"status-publish","5":"product_cat-bruder","7":"first","8":"instock","9":"taxable","10":"shipping-taxable","11":"product-type-simple"},"aioseo_notices":[],"_links":{"self":[{"href":"https:\/\/games.tactic.net\/sv\/wp-json\/wp\/v2\/product\/60799","targetHints":{"allow":["GET"]}}],"collection":[{"href":"https:\/\/games.tactic.net\/sv\/wp-json\/wp\/v2\/product"}],"about":[{"href":"https:\/\/games.tactic.net\/sv\/wp-json\/wp\/v2\/types\/product"}],"wp:attachment":[{"href":"https:\/\/games.tactic.net\/sv\/wp-json\/wp\/v2\/media?parent=60799"}],"wp:term":[{"taxonomy":"product_brand","embeddable":true,"href":"https:\/\/games.tactic.net\/sv\/wp-json\/wp\/v2\/product_brand?post=60799"},{"taxonomy":"product_cat","embeddable":true,"href":"https:\/\/games.tactic.net\/sv\/wp-json\/wp\/v2\/product_cat?post=60799"},{"taxonomy":"product_tag","embeddable":true,"href":"https:\/\/games.tactic.net\/sv\/wp-json\/wp\/v2\/product_tag?post=60799"},{"taxonomy":"brand","embeddable":true,"href":"https:\/\/games.tactic.net\/sv\/wp-json\/wp\/v2\/brand?post=60799"},{"taxonomy":"target-group","embeddable":true,"href":"https:\/\/games.tactic.net\/sv\/wp-json\/wp\/v2\/target-group?post=60799"},{"taxonomy":"discontinued","embeddable":true,"href":"https:\/\/games.tactic.net\/sv\/wp-json\/wp\/v2\/discontinued?post=60799"}],"curies":[{"name":"wp","href":"https:\/\/api.w.org\/{rel}","templated":true}]}}