{"id":60798,"date":"2021-02-16T10:58:39","date_gmt":"2021-02-16T08:58:39","guid":{"rendered":"https:\/\/dev.tactic.net\/tuote\/balvagn-med-8-runda-balar\/"},"modified":"2023-10-20T15:26:54","modified_gmt":"2023-10-20T12:26:54","slug":"balvagn-med-8-runda-balar","status":"publish","type":"product","link":"https:\/\/games.tactic.net\/sv\/tuote\/balvagn-med-8-runda-balar\/","title":{"rendered":"Bruder Balvagn med 8 runda balar"},"content":{"rendered":"<p>Transportera halmbalar med den h\u00e4r trailern som har nedf\u00e4llbara stolpar. Vagnen levereras med 8 rundbalar. F\u00f6r att lasta vagnen kan du anv\u00e4nda alla v\u00e5ra traktorer som har frontlastare med gaffelf\u00e4ste.<\/p>\n","protected":false},"excerpt":{"rendered":"<p>Transportera halmbalar med den h\u00e4r trailern som har nedf\u00e4llbara stolpar. Vagnen levereras med 8 rundbalar. F\u00f6r att lasta vagnen kan du anv\u00e4nda alla v\u00e5ra traktorer som har frontlastare med gaffelf\u00e4ste.<\/p>\n","protected":false},"featured_media":0,"template":"","meta":{"content-type":"","_monsterinsights_skip_tracking":false,"_monsterinsights_sitenote_active":false,"_monsterinsights_sitenote_note":"","_monsterinsights_sitenote_category":0},"product_brand":[],"product_cat":[823],"product_tag":[],"brand":[],"target-group":[],"discontinued":[],"class_list":{"0":"post-60798","1":"product","2":"type-product","3":"status-publish","5":"product_cat-bruder","7":"first","8":"instock","9":"taxable","10":"shipping-taxable","11":"product-type-simple"},"aioseo_notices":[],"_links":{"self":[{"href":"https:\/\/games.tactic.net\/sv\/wp-json\/wp\/v2\/product\/60798","targetHints":{"allow":["GET"]}}],"collection":[{"href":"https:\/\/games.tactic.net\/sv\/wp-json\/wp\/v2\/product"}],"about":[{"href":"https:\/\/games.tactic.net\/sv\/wp-json\/wp\/v2\/types\/product"}],"wp:attachment":[{"href":"https:\/\/games.tactic.net\/sv\/wp-json\/wp\/v2\/media?parent=60798"}],"wp:term":[{"taxonomy":"product_brand","embeddable":true,"href":"https:\/\/games.tactic.net\/sv\/wp-json\/wp\/v2\/product_brand?post=60798"},{"taxonomy":"product_cat","embeddable":true,"href":"https:\/\/games.tactic.net\/sv\/wp-json\/wp\/v2\/product_cat?post=60798"},{"taxonomy":"product_tag","embeddable":true,"href":"https:\/\/games.tactic.net\/sv\/wp-json\/wp\/v2\/product_tag?post=60798"},{"taxonomy":"brand","embeddable":true,"href":"https:\/\/games.tactic.net\/sv\/wp-json\/wp\/v2\/brand?post=60798"},{"taxonomy":"target-group","embeddable":true,"href":"https:\/\/games.tactic.net\/sv\/wp-json\/wp\/v2\/target-group?post=60798"},{"taxonomy":"discontinued","embeddable":true,"href":"https:\/\/games.tactic.net\/sv\/wp-json\/wp\/v2\/discontinued?post=60798"}],"curies":[{"name":"wp","href":"https:\/\/api.w.org\/{rel}","templated":true}]}}