{"id":60797,"date":"2021-02-16T10:58:35","date_gmt":"2021-02-16T08:58:35","guid":{"rendered":"https:\/\/dev.tactic.net\/tuote\/claas-slatterkross-disco-8550-c-plus\/"},"modified":"2023-10-20T15:40:48","modified_gmt":"2023-10-20T12:40:48","slug":"claas-slatterkross-disco-8550-c-plus","status":"publish","type":"product","link":"https:\/\/games.tactic.net\/sv\/tuote\/claas-slatterkross-disco-8550-c-plus\/","title":{"rendered":"Bruder Claas Sl\u00e5tterkross Disco 8550 C Plus"},"content":{"rendered":"<p>Den h\u00e4r sk\u00f6rdarens tre klippare har oscillerande fj\u00e4dring f\u00f6r att kompensera oj\u00e4mn mark. Sk\u00e4ren \u00e4r roterande och 3-v\u00e4gsklipparen kan delas f\u00f6r fram- respektive sidoanv\u00e4ndning p\u00e5 traktorn. Sl\u00e5ttersidorna kan f\u00e4llas upp och fixeras vid transport.<\/p>\n","protected":false},"excerpt":{"rendered":"<p>Den h\u00e4r sk\u00f6rdarens tre klippare har oscillerande fj\u00e4dring f\u00f6r att kompensera oj\u00e4mn mark. Sk\u00e4ren \u00e4r roterande och 3-v\u00e4gsklipparen kan delas f\u00f6r fram- respektive sidoanv\u00e4ndning p\u00e5 traktorn. Sl\u00e5ttersidorna kan f\u00e4llas upp och fixeras vid transport.<\/p>\n","protected":false},"featured_media":0,"template":"","meta":{"content-type":"","_monsterinsights_skip_tracking":false,"_monsterinsights_sitenote_active":false,"_monsterinsights_sitenote_note":"","_monsterinsights_sitenote_category":0},"product_brand":[],"product_cat":[823],"product_tag":[],"brand":[],"target-group":[],"discontinued":[],"class_list":{"0":"post-60797","1":"product","2":"type-product","3":"status-publish","5":"product_cat-bruder","7":"first","8":"instock","9":"taxable","10":"shipping-taxable","11":"product-type-simple"},"aioseo_notices":[],"_links":{"self":[{"href":"https:\/\/games.tactic.net\/sv\/wp-json\/wp\/v2\/product\/60797","targetHints":{"allow":["GET"]}}],"collection":[{"href":"https:\/\/games.tactic.net\/sv\/wp-json\/wp\/v2\/product"}],"about":[{"href":"https:\/\/games.tactic.net\/sv\/wp-json\/wp\/v2\/types\/product"}],"wp:attachment":[{"href":"https:\/\/games.tactic.net\/sv\/wp-json\/wp\/v2\/media?parent=60797"}],"wp:term":[{"taxonomy":"product_brand","embeddable":true,"href":"https:\/\/games.tactic.net\/sv\/wp-json\/wp\/v2\/product_brand?post=60797"},{"taxonomy":"product_cat","embeddable":true,"href":"https:\/\/games.tactic.net\/sv\/wp-json\/wp\/v2\/product_cat?post=60797"},{"taxonomy":"product_tag","embeddable":true,"href":"https:\/\/games.tactic.net\/sv\/wp-json\/wp\/v2\/product_tag?post=60797"},{"taxonomy":"brand","embeddable":true,"href":"https:\/\/games.tactic.net\/sv\/wp-json\/wp\/v2\/brand?post=60797"},{"taxonomy":"target-group","embeddable":true,"href":"https:\/\/games.tactic.net\/sv\/wp-json\/wp\/v2\/target-group?post=60797"},{"taxonomy":"discontinued","embeddable":true,"href":"https:\/\/games.tactic.net\/sv\/wp-json\/wp\/v2\/discontinued?post=60797"}],"curies":[{"name":"wp","href":"https:\/\/api.w.org\/{rel}","templated":true}]}}