{"id":60796,"date":"2021-02-16T10:58:32","date_gmt":"2021-02-16T08:58:32","guid":{"rendered":"https:\/\/dev.tactic.net\/tuote\/kuhn-discover-xl-tallriksharv\/"},"modified":"2023-10-20T16:09:51","modified_gmt":"2023-10-20T13:09:51","slug":"kuhn-discover-xl-tallriksharv","status":"publish","type":"product","link":"https:\/\/games.tactic.net\/sv\/tuote\/kuhn-discover-xl-tallriksharv\/","title":{"rendered":"Bruder Kuhn Discover XL Tallriksharv"},"content":{"rendered":"<p>Precis som Kuhns verkliga tallriksharv har den h\u00e4r detaljrika leksaksmodellen fyra armar med harvar best\u00e5ende av totalt 54 roterande sk\u00e4r och tv\u00e5 rullar. Armarna kan f\u00e4llas upp och l\u00e5sas vid k\u00f6rning p\u00e5 v\u00e4g.<\/p>\n","protected":false},"excerpt":{"rendered":"<p>Precis som Kuhns verkliga tallriksharv har den h\u00e4r detaljrika leksaksmodellen fyra armar med harvar best\u00e5ende av totalt 54 roterande sk\u00e4r och tv\u00e5 rullar. Armarna kan f\u00e4llas upp och l\u00e5sas vid k\u00f6rning p\u00e5 v\u00e4g.<\/p>\n","protected":false},"featured_media":0,"template":"","meta":{"content-type":"","_monsterinsights_skip_tracking":false,"_monsterinsights_sitenote_active":false,"_monsterinsights_sitenote_note":"","_monsterinsights_sitenote_category":0},"product_brand":[],"product_cat":[823],"product_tag":[],"brand":[],"target-group":[],"discontinued":[],"class_list":{"0":"post-60796","1":"product","2":"type-product","3":"status-publish","5":"product_cat-bruder","7":"first","8":"instock","9":"taxable","10":"shipping-taxable","11":"product-type-simple"},"aioseo_notices":[],"_links":{"self":[{"href":"https:\/\/games.tactic.net\/sv\/wp-json\/wp\/v2\/product\/60796","targetHints":{"allow":["GET"]}}],"collection":[{"href":"https:\/\/games.tactic.net\/sv\/wp-json\/wp\/v2\/product"}],"about":[{"href":"https:\/\/games.tactic.net\/sv\/wp-json\/wp\/v2\/types\/product"}],"wp:attachment":[{"href":"https:\/\/games.tactic.net\/sv\/wp-json\/wp\/v2\/media?parent=60796"}],"wp:term":[{"taxonomy":"product_brand","embeddable":true,"href":"https:\/\/games.tactic.net\/sv\/wp-json\/wp\/v2\/product_brand?post=60796"},{"taxonomy":"product_cat","embeddable":true,"href":"https:\/\/games.tactic.net\/sv\/wp-json\/wp\/v2\/product_cat?post=60796"},{"taxonomy":"product_tag","embeddable":true,"href":"https:\/\/games.tactic.net\/sv\/wp-json\/wp\/v2\/product_tag?post=60796"},{"taxonomy":"brand","embeddable":true,"href":"https:\/\/games.tactic.net\/sv\/wp-json\/wp\/v2\/brand?post=60796"},{"taxonomy":"target-group","embeddable":true,"href":"https:\/\/games.tactic.net\/sv\/wp-json\/wp\/v2\/target-group?post=60796"},{"taxonomy":"discontinued","embeddable":true,"href":"https:\/\/games.tactic.net\/sv\/wp-json\/wp\/v2\/discontinued?post=60796"}],"curies":[{"name":"wp","href":"https:\/\/api.w.org\/{rel}","templated":true}]}}