{"id":60795,"date":"2021-02-16T10:58:29","date_gmt":"2021-02-16T08:58:29","guid":{"rendered":"https:\/\/dev.tactic.net\/tuote\/krone-dubbelroterande-hovandare\/"},"modified":"2023-10-20T16:08:59","modified_gmt":"2023-10-20T13:08:59","slug":"krone-dubbelroterande-hovandare","status":"publish","type":"product","link":"https:\/\/games.tactic.net\/sv\/tuote\/krone-dubbelroterande-hovandare\/","title":{"rendered":"Bruder Krone dubbelroterande H\u00f6v\u00e4ndare"},"content":{"rendered":"<p>Krone Str\u00e4ngl\u00e4ggaren l\u00e4gger gr\u00e4set i str\u00e4ngar s\u00e5 att Pl\u00f6ttingers fodervagn kan samla upp det. T\u00e4nderna roterar under f\u00e4rd men konsolarmarna kan f\u00e4llas upp vid v\u00e4gtransport. Ett utf\u00e4llbart extrast\u00f6d ger stabilitet.<\/p>\n","protected":false},"excerpt":{"rendered":"<p>Krone Str\u00e4ngl\u00e4ggaren l\u00e4gger gr\u00e4set i str\u00e4ngar s\u00e5 att Pl\u00f6ttingers fodervagn kan samla upp det. T\u00e4nderna roterar under f\u00e4rd men konsolarmarna kan f\u00e4llas upp vid v\u00e4gtransport. Ett utf\u00e4llbart extrast\u00f6d ger stabilitet.<\/p>\n","protected":false},"featured_media":0,"template":"","meta":{"content-type":"","_monsterinsights_skip_tracking":false,"_monsterinsights_sitenote_active":false,"_monsterinsights_sitenote_note":"","_monsterinsights_sitenote_category":0},"product_brand":[],"product_cat":[823],"product_tag":[],"brand":[],"target-group":[],"discontinued":[],"class_list":{"0":"post-60795","1":"product","2":"type-product","3":"status-publish","5":"product_cat-bruder","7":"first","8":"instock","9":"taxable","10":"shipping-taxable","11":"product-type-simple"},"aioseo_notices":[],"_links":{"self":[{"href":"https:\/\/games.tactic.net\/sv\/wp-json\/wp\/v2\/product\/60795","targetHints":{"allow":["GET"]}}],"collection":[{"href":"https:\/\/games.tactic.net\/sv\/wp-json\/wp\/v2\/product"}],"about":[{"href":"https:\/\/games.tactic.net\/sv\/wp-json\/wp\/v2\/types\/product"}],"wp:attachment":[{"href":"https:\/\/games.tactic.net\/sv\/wp-json\/wp\/v2\/media?parent=60795"}],"wp:term":[{"taxonomy":"product_brand","embeddable":true,"href":"https:\/\/games.tactic.net\/sv\/wp-json\/wp\/v2\/product_brand?post=60795"},{"taxonomy":"product_cat","embeddable":true,"href":"https:\/\/games.tactic.net\/sv\/wp-json\/wp\/v2\/product_cat?post=60795"},{"taxonomy":"product_tag","embeddable":true,"href":"https:\/\/games.tactic.net\/sv\/wp-json\/wp\/v2\/product_tag?post=60795"},{"taxonomy":"brand","embeddable":true,"href":"https:\/\/games.tactic.net\/sv\/wp-json\/wp\/v2\/brand?post=60795"},{"taxonomy":"target-group","embeddable":true,"href":"https:\/\/games.tactic.net\/sv\/wp-json\/wp\/v2\/target-group?post=60795"},{"taxonomy":"discontinued","embeddable":true,"href":"https:\/\/games.tactic.net\/sv\/wp-json\/wp\/v2\/discontinued?post=60795"}],"curies":[{"name":"wp","href":"https:\/\/api.w.org\/{rel}","templated":true}]}}