{"id":60794,"date":"2021-02-16T10:58:27","date_gmt":"2021-02-16T08:58:27","guid":{"rendered":"https:\/\/dev.tactic.net\/tuote\/pottinger-jumbo-6600-profiline-ensilagevagn\/"},"modified":"2023-10-20T16:53:35","modified_gmt":"2023-10-20T13:53:35","slug":"pottinger-jumbo-6600-profiline-ensilagevagn","status":"publish","type":"product","link":"https:\/\/games.tactic.net\/sv\/tuote\/pottinger-jumbo-6600-profiline-ensilagevagn\/","title":{"rendered":"Bruder P\u00f6ttinger Jumbo 6600 Profiline Ensilagevagn"},"content":{"rendered":"<p>Uppsamlaren p\u00e5 Pl\u00f6ttingers fodervagn samlar upp foder fr\u00e5n marken medan vagnen dras. Du kan \u00f6ppna sidoluckan, f\u00e4lla ut stegen och ta bort kl\u00e4mmor och rep. Inmatningshjulet drivs med vevhandtaget. Bakluckan kan \u00f6ppnas.<\/p>\n","protected":false},"excerpt":{"rendered":"<p>Uppsamlaren p\u00e5 Pl\u00f6ttingers fodervagn samlar upp foder fr\u00e5n marken medan vagnen dras. Du kan \u00f6ppna sidoluckan, f\u00e4lla ut stegen och ta bort kl\u00e4mmor och rep. Inmatningshjulet drivs med vevhandtaget. Bakluckan kan \u00f6ppnas.<\/p>\n","protected":false},"featured_media":0,"template":"","meta":{"content-type":"","_monsterinsights_skip_tracking":false,"_monsterinsights_sitenote_active":false,"_monsterinsights_sitenote_note":"","_monsterinsights_sitenote_category":0},"product_brand":[],"product_cat":[823],"product_tag":[],"brand":[],"target-group":[],"discontinued":[],"class_list":{"0":"post-60794","1":"product","2":"type-product","3":"status-publish","5":"product_cat-bruder","7":"first","8":"instock","9":"taxable","10":"shipping-taxable","11":"product-type-simple"},"aioseo_notices":[],"_links":{"self":[{"href":"https:\/\/games.tactic.net\/sv\/wp-json\/wp\/v2\/product\/60794","targetHints":{"allow":["GET"]}}],"collection":[{"href":"https:\/\/games.tactic.net\/sv\/wp-json\/wp\/v2\/product"}],"about":[{"href":"https:\/\/games.tactic.net\/sv\/wp-json\/wp\/v2\/types\/product"}],"wp:attachment":[{"href":"https:\/\/games.tactic.net\/sv\/wp-json\/wp\/v2\/media?parent=60794"}],"wp:term":[{"taxonomy":"product_brand","embeddable":true,"href":"https:\/\/games.tactic.net\/sv\/wp-json\/wp\/v2\/product_brand?post=60794"},{"taxonomy":"product_cat","embeddable":true,"href":"https:\/\/games.tactic.net\/sv\/wp-json\/wp\/v2\/product_cat?post=60794"},{"taxonomy":"product_tag","embeddable":true,"href":"https:\/\/games.tactic.net\/sv\/wp-json\/wp\/v2\/product_tag?post=60794"},{"taxonomy":"brand","embeddable":true,"href":"https:\/\/games.tactic.net\/sv\/wp-json\/wp\/v2\/brand?post=60794"},{"taxonomy":"target-group","embeddable":true,"href":"https:\/\/games.tactic.net\/sv\/wp-json\/wp\/v2\/target-group?post=60794"},{"taxonomy":"discontinued","embeddable":true,"href":"https:\/\/games.tactic.net\/sv\/wp-json\/wp\/v2\/discontinued?post=60794"}],"curies":[{"name":"wp","href":"https:\/\/api.w.org\/{rel}","templated":true}]}}