{"id":60793,"date":"2021-02-16T10:58:24","date_gmt":"2021-02-16T08:58:24","guid":{"rendered":"https:\/\/dev.tactic.net\/tuote\/joskin-tippslap\/"},"modified":"2023-10-20T16:07:34","modified_gmt":"2023-10-20T13:07:34","slug":"joskin-tippslap","status":"publish","type":"product","link":"https:\/\/games.tactic.net\/sv\/tuote\/joskin-tippslap\/","title":{"rendered":"Bruder Joskin Tippsl\u00e4p"},"content":{"rendered":"<p>Den 3-axlade tippvagnen fr\u00e5n den belgiske tillverkaren Joskin \u00e4r konstgruerad f\u00f6r tunga laster och transport under extrema f\u00f6rh\u00e5llanden. Den imponerande Bruder modellen har f\u00e4llbart och l\u00e5sbart tipptr\u00e5g och automatisk \u00f6ppning av bakklaffen.<\/p>\n","protected":false},"excerpt":{"rendered":"<p>Den 3-axlade tippvagnen fr\u00e5n den belgiske tillverkaren Joskin \u00e4r konstgruerad f\u00f6r tunga laster och transport under extrema f\u00f6rh\u00e5llanden. Den imponerande Bruder modellen har f\u00e4llbart och l\u00e5sbart tipptr\u00e5g och automatisk \u00f6ppning av bakklaffen.<\/p>\n","protected":false},"featured_media":0,"template":"","meta":{"content-type":"","_monsterinsights_skip_tracking":false,"_monsterinsights_sitenote_active":false,"_monsterinsights_sitenote_note":"","_monsterinsights_sitenote_category":0},"product_brand":[],"product_cat":[823],"product_tag":[],"brand":[],"target-group":[],"discontinued":[],"class_list":{"0":"post-60793","1":"product","2":"type-product","3":"status-publish","5":"product_cat-bruder","7":"first","8":"instock","9":"taxable","10":"shipping-taxable","11":"product-type-simple"},"aioseo_notices":[],"_links":{"self":[{"href":"https:\/\/games.tactic.net\/sv\/wp-json\/wp\/v2\/product\/60793","targetHints":{"allow":["GET"]}}],"collection":[{"href":"https:\/\/games.tactic.net\/sv\/wp-json\/wp\/v2\/product"}],"about":[{"href":"https:\/\/games.tactic.net\/sv\/wp-json\/wp\/v2\/types\/product"}],"wp:attachment":[{"href":"https:\/\/games.tactic.net\/sv\/wp-json\/wp\/v2\/media?parent=60793"}],"wp:term":[{"taxonomy":"product_brand","embeddable":true,"href":"https:\/\/games.tactic.net\/sv\/wp-json\/wp\/v2\/product_brand?post=60793"},{"taxonomy":"product_cat","embeddable":true,"href":"https:\/\/games.tactic.net\/sv\/wp-json\/wp\/v2\/product_cat?post=60793"},{"taxonomy":"product_tag","embeddable":true,"href":"https:\/\/games.tactic.net\/sv\/wp-json\/wp\/v2\/product_tag?post=60793"},{"taxonomy":"brand","embeddable":true,"href":"https:\/\/games.tactic.net\/sv\/wp-json\/wp\/v2\/brand?post=60793"},{"taxonomy":"target-group","embeddable":true,"href":"https:\/\/games.tactic.net\/sv\/wp-json\/wp\/v2\/target-group?post=60793"},{"taxonomy":"discontinued","embeddable":true,"href":"https:\/\/games.tactic.net\/sv\/wp-json\/wp\/v2\/discontinued?post=60793"}],"curies":[{"name":"wp","href":"https:\/\/api.w.org\/{rel}","templated":true}]}}