{"id":60791,"date":"2021-02-16T10:58:18","date_gmt":"2021-02-16T08:58:18","guid":{"rendered":"https:\/\/dev.tactic.net\/tuote\/fliegl-trevags-tippslap-med-borttagbar-topp\/"},"modified":"2023-10-20T15:52:38","modified_gmt":"2023-10-20T12:52:38","slug":"fliegl-trevags-tippslap-med-borttagbar-topp","status":"publish","type":"product","link":"https:\/\/games.tactic.net\/sv\/tuote\/fliegl-trevags-tippslap-med-borttagbar-topp\/","title":{"rendered":"Bruder Fliegl trev\u00e4gs Tippsl\u00e4p med borttagbar topp"},"content":{"rendered":"<p>Det \u00e4r l\u00e4tt att man\u00f6vrera denna allsidiga tippvagn som kan tippas till tre sidor. P\u00e5 vagnens front finns ett skjutreglage f\u00f6r tippfunktionen. Ange riktning med reglaget och flaket kan endast tippas \u00e5t det h\u00e5llet.<\/p>\n","protected":false},"excerpt":{"rendered":"<p>Det \u00e4r l\u00e4tt att man\u00f6vrera denna allsidiga tippvagn som kan tippas till tre sidor. P\u00e5 vagnens front finns ett skjutreglage f\u00f6r tippfunktionen. Ange riktning med reglaget och flaket kan endast tippas \u00e5t det h\u00e5llet.<\/p>\n","protected":false},"featured_media":0,"template":"","meta":{"content-type":"","_monsterinsights_skip_tracking":false,"_monsterinsights_sitenote_active":false,"_monsterinsights_sitenote_note":"","_monsterinsights_sitenote_category":0},"product_brand":[],"product_cat":[823],"product_tag":[],"brand":[],"target-group":[],"discontinued":[],"class_list":{"0":"post-60791","1":"product","2":"type-product","3":"status-publish","5":"product_cat-bruder","7":"first","8":"instock","9":"taxable","10":"shipping-taxable","11":"product-type-simple"},"aioseo_notices":[],"_links":{"self":[{"href":"https:\/\/games.tactic.net\/sv\/wp-json\/wp\/v2\/product\/60791","targetHints":{"allow":["GET"]}}],"collection":[{"href":"https:\/\/games.tactic.net\/sv\/wp-json\/wp\/v2\/product"}],"about":[{"href":"https:\/\/games.tactic.net\/sv\/wp-json\/wp\/v2\/types\/product"}],"wp:attachment":[{"href":"https:\/\/games.tactic.net\/sv\/wp-json\/wp\/v2\/media?parent=60791"}],"wp:term":[{"taxonomy":"product_brand","embeddable":true,"href":"https:\/\/games.tactic.net\/sv\/wp-json\/wp\/v2\/product_brand?post=60791"},{"taxonomy":"product_cat","embeddable":true,"href":"https:\/\/games.tactic.net\/sv\/wp-json\/wp\/v2\/product_cat?post=60791"},{"taxonomy":"product_tag","embeddable":true,"href":"https:\/\/games.tactic.net\/sv\/wp-json\/wp\/v2\/product_tag?post=60791"},{"taxonomy":"brand","embeddable":true,"href":"https:\/\/games.tactic.net\/sv\/wp-json\/wp\/v2\/brand?post=60791"},{"taxonomy":"target-group","embeddable":true,"href":"https:\/\/games.tactic.net\/sv\/wp-json\/wp\/v2\/target-group?post=60791"},{"taxonomy":"discontinued","embeddable":true,"href":"https:\/\/games.tactic.net\/sv\/wp-json\/wp\/v2\/discontinued?post=60791"}],"curies":[{"name":"wp","href":"https:\/\/api.w.org\/{rel}","templated":true}]}}