{"id":60790,"date":"2021-02-16T10:58:15","date_gmt":"2021-02-16T08:58:15","guid":{"rendered":"https:\/\/dev.tactic.net\/tuote\/cat-teleskoplastare\/"},"modified":"2023-10-20T15:37:26","modified_gmt":"2023-10-20T12:37:26","slug":"cat-teleskoplastare","status":"publish","type":"product","link":"https:\/\/games.tactic.net\/sv\/tuote\/cat-teleskoplastare\/","title":{"rendered":"Bruder CAT Teleskoplastare"},"content":{"rendered":"<p>Caterpillar Telehandler \u00e4r en liten smidig maskin med en mycket l\u00e5ng teleskoparm, vilket g\u00f6r den till den maskin man helst vill anv\u00e4nda f\u00f6r m\u00e5nga olika uppdrag. Maskinen hanteras elegant med fyra silvervred.<\/p>\n","protected":false},"excerpt":{"rendered":"<p>Caterpillar Telehandler \u00e4r en liten smidig maskin med en mycket l\u00e5ng teleskoparm, vilket g\u00f6r den till den maskin man helst vill anv\u00e4nda f\u00f6r m\u00e5nga olika uppdrag. Maskinen hanteras elegant med fyra silvervred.<\/p>\n","protected":false},"featured_media":0,"template":"","meta":{"content-type":"","_monsterinsights_skip_tracking":false,"_monsterinsights_sitenote_active":false,"_monsterinsights_sitenote_note":"","_monsterinsights_sitenote_category":0},"product_brand":[],"product_cat":[823],"product_tag":[],"brand":[],"target-group":[],"discontinued":[],"class_list":{"0":"post-60790","1":"product","2":"type-product","3":"status-publish","5":"product_cat-bruder","7":"first","8":"instock","9":"taxable","10":"shipping-taxable","11":"product-type-simple"},"aioseo_notices":[],"_links":{"self":[{"href":"https:\/\/games.tactic.net\/sv\/wp-json\/wp\/v2\/product\/60790","targetHints":{"allow":["GET"]}}],"collection":[{"href":"https:\/\/games.tactic.net\/sv\/wp-json\/wp\/v2\/product"}],"about":[{"href":"https:\/\/games.tactic.net\/sv\/wp-json\/wp\/v2\/types\/product"}],"wp:attachment":[{"href":"https:\/\/games.tactic.net\/sv\/wp-json\/wp\/v2\/media?parent=60790"}],"wp:term":[{"taxonomy":"product_brand","embeddable":true,"href":"https:\/\/games.tactic.net\/sv\/wp-json\/wp\/v2\/product_brand?post=60790"},{"taxonomy":"product_cat","embeddable":true,"href":"https:\/\/games.tactic.net\/sv\/wp-json\/wp\/v2\/product_cat?post=60790"},{"taxonomy":"product_tag","embeddable":true,"href":"https:\/\/games.tactic.net\/sv\/wp-json\/wp\/v2\/product_tag?post=60790"},{"taxonomy":"brand","embeddable":true,"href":"https:\/\/games.tactic.net\/sv\/wp-json\/wp\/v2\/brand?post=60790"},{"taxonomy":"target-group","embeddable":true,"href":"https:\/\/games.tactic.net\/sv\/wp-json\/wp\/v2\/target-group?post=60790"},{"taxonomy":"discontinued","embeddable":true,"href":"https:\/\/games.tactic.net\/sv\/wp-json\/wp\/v2\/discontinued?post=60790"}],"curies":[{"name":"wp","href":"https:\/\/api.w.org\/{rel}","templated":true}]}}