{"id":60789,"date":"2021-02-16T10:58:11","date_gmt":"2021-02-16T08:58:11","guid":{"rendered":"https:\/\/dev.tactic.net\/tuote\/jlg-2505-teleskoplastare\/"},"modified":"2023-10-20T16:01:40","modified_gmt":"2023-10-20T13:01:40","slug":"jlg-2505-teleskoplastare","status":"publish","type":"product","link":"https:\/\/games.tactic.net\/sv\/tuote\/jlg-2505-teleskoplastare\/","title":{"rendered":"Bruder JLG 2505 Teleskoplastare"},"content":{"rendered":"<p>Teleskoplastaren i det mindre formatet med den mycket stora teleskoparmen g\u00f6r JLG till den maskin man helst vill anv\u00e4nda f\u00f6r m\u00e5nga olika uppdrag. Modellen hanteras elegant med fyra silvervred.<\/p>\n","protected":false},"excerpt":{"rendered":"<p>Teleskoplastaren i det mindre formatet med den mycket stora teleskoparmen g\u00f6r JLG till den maskin man helst vill anv\u00e4nda f\u00f6r m\u00e5nga olika uppdrag. Modellen hanteras elegant med fyra silvervred.<\/p>\n","protected":false},"featured_media":0,"template":"","meta":{"content-type":"","_monsterinsights_skip_tracking":false,"_monsterinsights_sitenote_active":false,"_monsterinsights_sitenote_note":"","_monsterinsights_sitenote_category":0},"product_brand":[],"product_cat":[823],"product_tag":[],"brand":[],"target-group":[],"discontinued":[],"class_list":{"0":"post-60789","1":"product","2":"type-product","3":"status-publish","5":"product_cat-bruder","7":"first","8":"instock","9":"taxable","10":"shipping-taxable","11":"product-type-simple"},"aioseo_notices":[],"_links":{"self":[{"href":"https:\/\/games.tactic.net\/sv\/wp-json\/wp\/v2\/product\/60789","targetHints":{"allow":["GET"]}}],"collection":[{"href":"https:\/\/games.tactic.net\/sv\/wp-json\/wp\/v2\/product"}],"about":[{"href":"https:\/\/games.tactic.net\/sv\/wp-json\/wp\/v2\/types\/product"}],"wp:attachment":[{"href":"https:\/\/games.tactic.net\/sv\/wp-json\/wp\/v2\/media?parent=60789"}],"wp:term":[{"taxonomy":"product_brand","embeddable":true,"href":"https:\/\/games.tactic.net\/sv\/wp-json\/wp\/v2\/product_brand?post=60789"},{"taxonomy":"product_cat","embeddable":true,"href":"https:\/\/games.tactic.net\/sv\/wp-json\/wp\/v2\/product_cat?post=60789"},{"taxonomy":"product_tag","embeddable":true,"href":"https:\/\/games.tactic.net\/sv\/wp-json\/wp\/v2\/product_tag?post=60789"},{"taxonomy":"brand","embeddable":true,"href":"https:\/\/games.tactic.net\/sv\/wp-json\/wp\/v2\/brand?post=60789"},{"taxonomy":"target-group","embeddable":true,"href":"https:\/\/games.tactic.net\/sv\/wp-json\/wp\/v2\/target-group?post=60789"},{"taxonomy":"discontinued","embeddable":true,"href":"https:\/\/games.tactic.net\/sv\/wp-json\/wp\/v2\/discontinued?post=60789"}],"curies":[{"name":"wp","href":"https:\/\/api.w.org\/{rel}","templated":true}]}}