{"id":60788,"date":"2021-02-16T10:58:08","date_gmt":"2021-02-16T08:58:08","guid":{"rendered":"https:\/\/dev.tactic.net\/tuote\/cat-kompakt-catterpillar\/"},"modified":"2023-10-20T15:36:54","modified_gmt":"2023-10-20T12:36:54","slug":"cat-kompakt-catterpillar","status":"publish","type":"product","link":"https:\/\/games.tactic.net\/sv\/tuote\/cat-kompakt-catterpillar\/","title":{"rendered":"Bruder CAT Kompakt Catterpillar"},"content":{"rendered":"<p>Caterpillar Multi terr\u00e4nglastare \u00e4r kraftfull, flexibel och smidig. Det \u00e4r riktigt kul att se hur exakt kedjorna arbetar n\u00e4r man k\u00f6r lastaren p\u00e5 olika typer av underlag. Den r\u00f6rliga armen kan l\u00e5sas i m\u00e5nga l\u00e4gen.<\/p>\n","protected":false},"excerpt":{"rendered":"<p>Caterpillar Multi terr\u00e4nglastare \u00e4r kraftfull, flexibel och smidig. Det \u00e4r riktigt kul att se hur exakt kedjorna arbetar n\u00e4r man k\u00f6r lastaren p\u00e5 olika typer av underlag. Den r\u00f6rliga armen kan l\u00e5sas i m\u00e5nga l\u00e4gen.<\/p>\n","protected":false},"featured_media":0,"template":"","meta":{"content-type":"","_monsterinsights_skip_tracking":false,"_monsterinsights_sitenote_active":false,"_monsterinsights_sitenote_note":"","_monsterinsights_sitenote_category":0},"product_brand":[],"product_cat":[823],"product_tag":[],"brand":[],"target-group":[],"discontinued":[],"class_list":{"0":"post-60788","1":"product","2":"type-product","3":"status-publish","5":"product_cat-bruder","7":"first","8":"outofstock","9":"taxable","10":"shipping-taxable","11":"product-type-simple"},"aioseo_notices":[],"_links":{"self":[{"href":"https:\/\/games.tactic.net\/sv\/wp-json\/wp\/v2\/product\/60788","targetHints":{"allow":["GET"]}}],"collection":[{"href":"https:\/\/games.tactic.net\/sv\/wp-json\/wp\/v2\/product"}],"about":[{"href":"https:\/\/games.tactic.net\/sv\/wp-json\/wp\/v2\/types\/product"}],"wp:attachment":[{"href":"https:\/\/games.tactic.net\/sv\/wp-json\/wp\/v2\/media?parent=60788"}],"wp:term":[{"taxonomy":"product_brand","embeddable":true,"href":"https:\/\/games.tactic.net\/sv\/wp-json\/wp\/v2\/product_brand?post=60788"},{"taxonomy":"product_cat","embeddable":true,"href":"https:\/\/games.tactic.net\/sv\/wp-json\/wp\/v2\/product_cat?post=60788"},{"taxonomy":"product_tag","embeddable":true,"href":"https:\/\/games.tactic.net\/sv\/wp-json\/wp\/v2\/product_tag?post=60788"},{"taxonomy":"brand","embeddable":true,"href":"https:\/\/games.tactic.net\/sv\/wp-json\/wp\/v2\/brand?post=60788"},{"taxonomy":"target-group","embeddable":true,"href":"https:\/\/games.tactic.net\/sv\/wp-json\/wp\/v2\/target-group?post=60788"},{"taxonomy":"discontinued","embeddable":true,"href":"https:\/\/games.tactic.net\/sv\/wp-json\/wp\/v2\/discontinued?post=60788"}],"curies":[{"name":"wp","href":"https:\/\/api.w.org\/{rel}","templated":true}]}}