{"id":60787,"date":"2021-02-16T10:58:05","date_gmt":"2021-02-16T08:58:05","guid":{"rendered":"https:\/\/dev.tactic.net\/tuote\/john-deere-1210e-skotare-med-4-timmerstockar-och-greppare\/"},"modified":"2023-10-20T16:02:06","modified_gmt":"2023-10-20T13:02:06","slug":"john-deere-1210e-skotare-med-4-timmerstockar-och-greppare","status":"publish","type":"product","link":"https:\/\/games.tactic.net\/sv\/tuote\/john-deere-1210e-skotare-med-4-timmerstockar-och-greppare\/","title":{"rendered":"Bruder John Deere 1210E Skotare med 4 timmerstockar och greppare"},"content":{"rendered":"<p>Varenda liten skogsarbetare kan bli stolt \u00f6ver sin insats n\u00e4r han bygger upp skogsmilj\u00f6er med en midjestyrd, 4-axlad John Deere skotare. Den kan tranportera tr\u00e4dstammar genom oframkomlig terr\u00e4ng samt lasta och lossa utan mankraft.<\/p>\n","protected":false},"excerpt":{"rendered":"<p>Varenda liten skogsarbetare kan bli stolt \u00f6ver sin insats n\u00e4r han bygger upp skogsmilj\u00f6er med en midjestyrd, 4-axlad John Deere skotare. Den kan tranportera tr\u00e4dstammar genom oframkomlig terr\u00e4ng samt lasta och lossa utan mankraft.<\/p>\n","protected":false},"featured_media":0,"template":"","meta":{"content-type":"","_monsterinsights_skip_tracking":false,"_monsterinsights_sitenote_active":false,"_monsterinsights_sitenote_note":"","_monsterinsights_sitenote_category":0},"product_brand":[],"product_cat":[823],"product_tag":[],"brand":[],"target-group":[],"discontinued":[],"class_list":{"0":"post-60787","1":"product","2":"type-product","3":"status-publish","5":"product_cat-bruder","7":"first","8":"instock","9":"taxable","10":"shipping-taxable","11":"product-type-simple"},"aioseo_notices":[],"_links":{"self":[{"href":"https:\/\/games.tactic.net\/sv\/wp-json\/wp\/v2\/product\/60787","targetHints":{"allow":["GET"]}}],"collection":[{"href":"https:\/\/games.tactic.net\/sv\/wp-json\/wp\/v2\/product"}],"about":[{"href":"https:\/\/games.tactic.net\/sv\/wp-json\/wp\/v2\/types\/product"}],"wp:attachment":[{"href":"https:\/\/games.tactic.net\/sv\/wp-json\/wp\/v2\/media?parent=60787"}],"wp:term":[{"taxonomy":"product_brand","embeddable":true,"href":"https:\/\/games.tactic.net\/sv\/wp-json\/wp\/v2\/product_brand?post=60787"},{"taxonomy":"product_cat","embeddable":true,"href":"https:\/\/games.tactic.net\/sv\/wp-json\/wp\/v2\/product_cat?post=60787"},{"taxonomy":"product_tag","embeddable":true,"href":"https:\/\/games.tactic.net\/sv\/wp-json\/wp\/v2\/product_tag?post=60787"},{"taxonomy":"brand","embeddable":true,"href":"https:\/\/games.tactic.net\/sv\/wp-json\/wp\/v2\/brand?post=60787"},{"taxonomy":"target-group","embeddable":true,"href":"https:\/\/games.tactic.net\/sv\/wp-json\/wp\/v2\/target-group?post=60787"},{"taxonomy":"discontinued","embeddable":true,"href":"https:\/\/games.tactic.net\/sv\/wp-json\/wp\/v2\/discontinued?post=60787"}],"curies":[{"name":"wp","href":"https:\/\/api.w.org\/{rel}","templated":true}]}}