{"id":60786,"date":"2021-02-16T10:58:02","date_gmt":"2021-02-16T08:58:02","guid":{"rendered":"https:\/\/dev.tactic.net\/tuote\/john-deere-combine-skordetroska-t670i\/"},"modified":"2023-10-20T16:05:30","modified_gmt":"2023-10-20T13:05:30","slug":"john-deere-combine-skordetroska-t670i","status":"publish","type":"product","link":"https:\/\/games.tactic.net\/sv\/tuote\/john-deere-combine-skordetroska-t670i\/","title":{"rendered":"Bruder John Deere Combine Sk\u00f6rdetr\u00f6ska T670i"},"content":{"rendered":"<p>Sm\u00e5 lantbrukare blir entusiastiska n\u00e4r de l\u00e4r sig hur l\u00e4tt den h\u00e4r stora sk\u00f6rdemaskinen styrs och hur sp\u00e4nnande det \u00e4r att t\u00f6mma spannm\u00e5lstanken via utloppsr\u00f6ret. Flera verklighetstrogna detaljer som \u00f6ppningsbar hyttd\u00f6rr, flera luckor, en avtagbar klippanordning med pendelupph\u00e4ngning och niv\u00e5reglering.<\/p>\n","protected":false},"excerpt":{"rendered":"<p>Sm\u00e5 lantbrukare blir entusiastiska n\u00e4r de l\u00e4r sig hur l\u00e4tt den h\u00e4r stora sk\u00f6rdemaskinen styrs och hur sp\u00e4nnande det \u00e4r att t\u00f6mma spannm\u00e5lstanken via utloppsr\u00f6ret. Flera verklighetstrogna detaljer som \u00f6ppningsbar hyttd\u00f6rr, flera luckor, en avtagbar klippanordning med pendelupph\u00e4ngning och niv\u00e5reglering.<\/p>\n","protected":false},"featured_media":0,"template":"","meta":{"content-type":"","_monsterinsights_skip_tracking":false,"_monsterinsights_sitenote_active":false,"_monsterinsights_sitenote_note":"","_monsterinsights_sitenote_category":0},"product_brand":[],"product_cat":[823],"product_tag":[],"brand":[],"target-group":[],"discontinued":[],"class_list":{"0":"post-60786","1":"product","2":"type-product","3":"status-publish","5":"product_cat-bruder","7":"first","8":"outofstock","9":"taxable","10":"shipping-taxable","11":"product-type-simple"},"aioseo_notices":[],"_links":{"self":[{"href":"https:\/\/games.tactic.net\/sv\/wp-json\/wp\/v2\/product\/60786","targetHints":{"allow":["GET"]}}],"collection":[{"href":"https:\/\/games.tactic.net\/sv\/wp-json\/wp\/v2\/product"}],"about":[{"href":"https:\/\/games.tactic.net\/sv\/wp-json\/wp\/v2\/types\/product"}],"wp:attachment":[{"href":"https:\/\/games.tactic.net\/sv\/wp-json\/wp\/v2\/media?parent=60786"}],"wp:term":[{"taxonomy":"product_brand","embeddable":true,"href":"https:\/\/games.tactic.net\/sv\/wp-json\/wp\/v2\/product_brand?post=60786"},{"taxonomy":"product_cat","embeddable":true,"href":"https:\/\/games.tactic.net\/sv\/wp-json\/wp\/v2\/product_cat?post=60786"},{"taxonomy":"product_tag","embeddable":true,"href":"https:\/\/games.tactic.net\/sv\/wp-json\/wp\/v2\/product_tag?post=60786"},{"taxonomy":"brand","embeddable":true,"href":"https:\/\/games.tactic.net\/sv\/wp-json\/wp\/v2\/brand?post=60786"},{"taxonomy":"target-group","embeddable":true,"href":"https:\/\/games.tactic.net\/sv\/wp-json\/wp\/v2\/target-group?post=60786"},{"taxonomy":"discontinued","embeddable":true,"href":"https:\/\/games.tactic.net\/sv\/wp-json\/wp\/v2\/discontinued?post=60786"}],"curies":[{"name":"wp","href":"https:\/\/api.w.org\/{rel}","templated":true}]}}