{"id":60784,"date":"2021-02-16T10:57:56","date_gmt":"2021-02-16T08:57:56","guid":{"rendered":"https:\/\/dev.tactic.net\/tuote\/grimme-se-75-30-potatisupptagare-med-potatisar\/"},"modified":"2023-10-20T15:53:35","modified_gmt":"2023-10-20T12:53:35","slug":"grimme-se-75-30-potatisupptagare-med-potatisar","status":"publish","type":"product","link":"https:\/\/games.tactic.net\/sv\/tuote\/grimme-se-75-30-potatisupptagare-med-potatisar\/","title":{"rendered":"Bruder Grimme SE 75-30 Potatisupptagare med potatisar"},"content":{"rendered":"<p>En kul maskin med ett band som potatisen rullar p\u00e5 &#8211; precis som i verkligheten. Vrid p\u00e5 handveven f\u00f6r att starta reng\u00f6rings- och sorteringsbandet som samlar upp potatisen i potatisbeh\u00e5llaren. H\u00f6jden \u00e4r justerbar och utmatningstransport\u00f6ren kan vikas ut.<\/p>\n","protected":false},"excerpt":{"rendered":"<p>En kul maskin med ett band som potatisen rullar p\u00e5 &#8211; precis som i verkligheten. Vrid p\u00e5 handveven f\u00f6r att starta reng\u00f6rings- och sorteringsbandet som samlar upp potatisen i potatisbeh\u00e5llaren. H\u00f6jden \u00e4r justerbar och utmatningstransport\u00f6ren kan vikas ut.<\/p>\n","protected":false},"featured_media":0,"template":"","meta":{"content-type":"","_monsterinsights_skip_tracking":false,"_monsterinsights_sitenote_active":false,"_monsterinsights_sitenote_note":"","_monsterinsights_sitenote_category":0},"product_brand":[],"product_cat":[823],"product_tag":[],"brand":[],"target-group":[],"discontinued":[],"class_list":{"0":"post-60784","1":"product","2":"type-product","3":"status-publish","5":"product_cat-bruder","7":"first","8":"instock","9":"taxable","10":"shipping-taxable","11":"product-type-simple"},"aioseo_notices":[],"_links":{"self":[{"href":"https:\/\/games.tactic.net\/sv\/wp-json\/wp\/v2\/product\/60784","targetHints":{"allow":["GET"]}}],"collection":[{"href":"https:\/\/games.tactic.net\/sv\/wp-json\/wp\/v2\/product"}],"about":[{"href":"https:\/\/games.tactic.net\/sv\/wp-json\/wp\/v2\/types\/product"}],"wp:attachment":[{"href":"https:\/\/games.tactic.net\/sv\/wp-json\/wp\/v2\/media?parent=60784"}],"wp:term":[{"taxonomy":"product_brand","embeddable":true,"href":"https:\/\/games.tactic.net\/sv\/wp-json\/wp\/v2\/product_brand?post=60784"},{"taxonomy":"product_cat","embeddable":true,"href":"https:\/\/games.tactic.net\/sv\/wp-json\/wp\/v2\/product_cat?post=60784"},{"taxonomy":"product_tag","embeddable":true,"href":"https:\/\/games.tactic.net\/sv\/wp-json\/wp\/v2\/product_tag?post=60784"},{"taxonomy":"brand","embeddable":true,"href":"https:\/\/games.tactic.net\/sv\/wp-json\/wp\/v2\/brand?post=60784"},{"taxonomy":"target-group","embeddable":true,"href":"https:\/\/games.tactic.net\/sv\/wp-json\/wp\/v2\/target-group?post=60784"},{"taxonomy":"discontinued","embeddable":true,"href":"https:\/\/games.tactic.net\/sv\/wp-json\/wp\/v2\/discontinued?post=60784"}],"curies":[{"name":"wp","href":"https:\/\/api.w.org\/{rel}","templated":true}]}}