{"id":60781,"date":"2021-02-16T10:57:47","date_gmt":"2021-02-16T08:57:47","guid":{"rendered":"https:\/\/dev.tactic.net\/tuote\/manitou-teleskoplastare-mlt-633\/"},"modified":"2023-10-20T16:43:58","modified_gmt":"2023-10-20T13:43:58","slug":"manitou-teleskoplastare-mlt-633","status":"publish","type":"product","link":"https:\/\/games.tactic.net\/sv\/tuote\/manitou-teleskoplastare-mlt-633\/","title":{"rendered":"Bruder Manitou Teleskoplastare MLT 633"},"content":{"rendered":"<p>Teleskoparmen kan f\u00f6rl\u00e4ngas och h\u00f6jden justeras med det \u00f6vre vredet. \u00c4ven vinkeln p\u00e5 skopans gripare kan justeras och griparen kan tas av med vredet p\u00e5 sidan.<\/p>\n","protected":false},"excerpt":{"rendered":"<p>Teleskoparmen kan f\u00f6rl\u00e4ngas och h\u00f6jden justeras med det \u00f6vre vredet. \u00c4ven vinkeln p\u00e5 skopans gripare kan justeras och griparen kan tas av med vredet p\u00e5 sidan.<\/p>\n","protected":false},"featured_media":0,"template":"","meta":{"content-type":"","_monsterinsights_skip_tracking":false,"_monsterinsights_sitenote_active":false,"_monsterinsights_sitenote_note":"","_monsterinsights_sitenote_category":0},"product_brand":[],"product_cat":[823],"product_tag":[],"brand":[],"target-group":[],"discontinued":[],"class_list":{"0":"post-60781","1":"product","2":"type-product","3":"status-publish","5":"product_cat-bruder","7":"first","8":"instock","9":"taxable","10":"shipping-taxable","11":"product-type-simple"},"aioseo_notices":[],"_links":{"self":[{"href":"https:\/\/games.tactic.net\/sv\/wp-json\/wp\/v2\/product\/60781","targetHints":{"allow":["GET"]}}],"collection":[{"href":"https:\/\/games.tactic.net\/sv\/wp-json\/wp\/v2\/product"}],"about":[{"href":"https:\/\/games.tactic.net\/sv\/wp-json\/wp\/v2\/types\/product"}],"wp:attachment":[{"href":"https:\/\/games.tactic.net\/sv\/wp-json\/wp\/v2\/media?parent=60781"}],"wp:term":[{"taxonomy":"product_brand","embeddable":true,"href":"https:\/\/games.tactic.net\/sv\/wp-json\/wp\/v2\/product_brand?post=60781"},{"taxonomy":"product_cat","embeddable":true,"href":"https:\/\/games.tactic.net\/sv\/wp-json\/wp\/v2\/product_cat?post=60781"},{"taxonomy":"product_tag","embeddable":true,"href":"https:\/\/games.tactic.net\/sv\/wp-json\/wp\/v2\/product_tag?post=60781"},{"taxonomy":"brand","embeddable":true,"href":"https:\/\/games.tactic.net\/sv\/wp-json\/wp\/v2\/brand?post=60781"},{"taxonomy":"target-group","embeddable":true,"href":"https:\/\/games.tactic.net\/sv\/wp-json\/wp\/v2\/target-group?post=60781"},{"taxonomy":"discontinued","embeddable":true,"href":"https:\/\/games.tactic.net\/sv\/wp-json\/wp\/v2\/discontinued?post=60781"}],"curies":[{"name":"wp","href":"https:\/\/api.w.org\/{rel}","templated":true}]}}