{"id":60779,"date":"2021-02-16T10:57:41","date_gmt":"2021-02-16T08:57:41","guid":{"rendered":"https:\/\/dev.tactic.net\/tuote\/claas-lexion-480-combine-skordetroska\/"},"modified":"2023-10-20T15:42:06","modified_gmt":"2023-10-20T12:42:06","slug":"claas-lexion-480-combine-skordetroska","status":"publish","type":"product","link":"https:\/\/games.tactic.net\/sv\/tuote\/claas-lexion-480-combine-skordetroska\/","title":{"rendered":"Bruder Claas Lexion 480 Combine Sk\u00f6rdetr\u00f6ska"},"content":{"rendered":"<p>Den r\u00f6rliga, avtagbara klippanordningen med inf\u00e4llbar rulle p\u00e5 denna kombinerade sl\u00e5ttermaskin kan f\u00e4llas upp och l\u00e5sas i position. Klipparen kan pcks\u00e5 f\u00e4llas upp och kornr\u00f6ret sv\u00e4ngas ut. Kornluckan \u00f6ppnas, rotationsfiltret vrids upp och den avtagbara sl\u00e5tteranordningen kan fraktas p\u00e5 den medf\u00f6ljande trailern.<\/p>\n","protected":false},"excerpt":{"rendered":"<p>Den r\u00f6rliga, avtagbara klippanordningen med inf\u00e4llbar rulle p\u00e5 denna kombinerade sl\u00e5ttermaskin kan f\u00e4llas upp och l\u00e5sas i position. Klipparen kan pcks\u00e5 f\u00e4llas upp och kornr\u00f6ret sv\u00e4ngas ut. Kornluckan \u00f6ppnas, rotationsfiltret vrids upp och den avtagbara sl\u00e5tteranordningen kan fraktas p\u00e5 den medf\u00f6ljande trailern.<\/p>\n","protected":false},"featured_media":0,"template":"","meta":{"content-type":"","_monsterinsights_skip_tracking":false,"_monsterinsights_sitenote_active":false,"_monsterinsights_sitenote_note":"","_monsterinsights_sitenote_category":0},"product_brand":[],"product_cat":[823],"product_tag":[],"brand":[],"target-group":[],"discontinued":[],"class_list":{"0":"post-60779","1":"product","2":"type-product","3":"status-publish","5":"product_cat-bruder","7":"first","8":"instock","9":"taxable","10":"shipping-taxable","11":"product-type-simple"},"aioseo_notices":[],"_links":{"self":[{"href":"https:\/\/games.tactic.net\/sv\/wp-json\/wp\/v2\/product\/60779","targetHints":{"allow":["GET"]}}],"collection":[{"href":"https:\/\/games.tactic.net\/sv\/wp-json\/wp\/v2\/product"}],"about":[{"href":"https:\/\/games.tactic.net\/sv\/wp-json\/wp\/v2\/types\/product"}],"wp:attachment":[{"href":"https:\/\/games.tactic.net\/sv\/wp-json\/wp\/v2\/media?parent=60779"}],"wp:term":[{"taxonomy":"product_brand","embeddable":true,"href":"https:\/\/games.tactic.net\/sv\/wp-json\/wp\/v2\/product_brand?post=60779"},{"taxonomy":"product_cat","embeddable":true,"href":"https:\/\/games.tactic.net\/sv\/wp-json\/wp\/v2\/product_cat?post=60779"},{"taxonomy":"product_tag","embeddable":true,"href":"https:\/\/games.tactic.net\/sv\/wp-json\/wp\/v2\/product_tag?post=60779"},{"taxonomy":"brand","embeddable":true,"href":"https:\/\/games.tactic.net\/sv\/wp-json\/wp\/v2\/brand?post=60779"},{"taxonomy":"target-group","embeddable":true,"href":"https:\/\/games.tactic.net\/sv\/wp-json\/wp\/v2\/target-group?post=60779"},{"taxonomy":"discontinued","embeddable":true,"href":"https:\/\/games.tactic.net\/sv\/wp-json\/wp\/v2\/discontinued?post=60779"}],"curies":[{"name":"wp","href":"https:\/\/api.w.org\/{rel}","templated":true}]}}