{"id":60778,"date":"2021-02-16T10:57:38","date_gmt":"2021-02-16T08:57:38","guid":{"rendered":"https:\/\/dev.tactic.net\/tuote\/claas-lexion-780-terra-trac-combine-skordetroska\/"},"modified":"2025-01-13T09:28:17","modified_gmt":"2025-01-13T07:28:17","slug":"claas-lexion-780-terra-trac-combine-skordetroska","status":"archive","type":"product","link":"https:\/\/games.tactic.net\/sv\/tuote\/claas-lexion-780-terra-trac-combine-skordetroska\/","title":{"rendered":"Bruder Claas Lexion 780 Terra Trac Combine Sk\u00f6rdetr\u00f6ska"},"content":{"rendered":"<p>En kombinerad sl\u00e5ttermaskin som med sina m\u00e5nga funktioner, sin storlek och arbetss\u00e4tt garanterar mycket skoj. Den fullt fungerande sl\u00e5ttermaskinen med robusta balkar \u00e4r l\u00e4tt att hantera. Sk\u00e4renheten kan \u00e4ven anv\u00e4ndas off road och har en automatisk niv\u00e5kontroll. Trumlaren drivs av en rullmekanism och spannm\u00e5lstanken t\u00f6ms genom dr\u00e4neringsr\u00f6ret via en manuell spindelskruv. H\u00e4r finns \u00e4ven andra specialfunktioner att leka med.<\/p>\n","protected":false},"excerpt":{"rendered":"<p>En kombinerad sl\u00e5ttermaskin som med sina m\u00e5nga funktioner, sin storlek och arbetss\u00e4tt garanterar mycket skoj. Den fullt fungerande sl\u00e5ttermaskinen med robusta balkar \u00e4r l\u00e4tt att hantera. Sk\u00e4renheten kan \u00e4ven anv\u00e4ndas off road och har en automatisk niv\u00e5kontroll. Trumlaren drivs av en rullmekanism och spannm\u00e5lstanken t\u00f6ms genom dr\u00e4neringsr\u00f6ret via en manuell spindelskruv. H\u00e4r finns \u00e4ven andra specialfunktioner att leka med.<\/p>\n","protected":false},"featured_media":0,"template":"","meta":{"content-type":"","_monsterinsights_skip_tracking":false,"_monsterinsights_sitenote_active":false,"_monsterinsights_sitenote_note":"","_monsterinsights_sitenote_category":0},"product_brand":[],"product_cat":[823],"product_tag":[],"brand":[],"target-group":[],"discontinued":[],"class_list":{"0":"post-60778","1":"product","2":"type-product","3":"status-archive","5":"product_cat-bruder","7":"first","8":"outofstock","9":"taxable","10":"shipping-taxable","11":"product-type-simple"},"aioseo_notices":[],"_links":{"self":[{"href":"https:\/\/games.tactic.net\/sv\/wp-json\/wp\/v2\/product\/60778","targetHints":{"allow":["GET"]}}],"collection":[{"href":"https:\/\/games.tactic.net\/sv\/wp-json\/wp\/v2\/product"}],"about":[{"href":"https:\/\/games.tactic.net\/sv\/wp-json\/wp\/v2\/types\/product"}],"wp:attachment":[{"href":"https:\/\/games.tactic.net\/sv\/wp-json\/wp\/v2\/media?parent=60778"}],"wp:term":[{"taxonomy":"product_brand","embeddable":true,"href":"https:\/\/games.tactic.net\/sv\/wp-json\/wp\/v2\/product_brand?post=60778"},{"taxonomy":"product_cat","embeddable":true,"href":"https:\/\/games.tactic.net\/sv\/wp-json\/wp\/v2\/product_cat?post=60778"},{"taxonomy":"product_tag","embeddable":true,"href":"https:\/\/games.tactic.net\/sv\/wp-json\/wp\/v2\/product_tag?post=60778"},{"taxonomy":"brand","embeddable":true,"href":"https:\/\/games.tactic.net\/sv\/wp-json\/wp\/v2\/brand?post=60778"},{"taxonomy":"target-group","embeddable":true,"href":"https:\/\/games.tactic.net\/sv\/wp-json\/wp\/v2\/target-group?post=60778"},{"taxonomy":"discontinued","embeddable":true,"href":"https:\/\/games.tactic.net\/sv\/wp-json\/wp\/v2\/discontinued?post=60778"}],"curies":[{"name":"wp","href":"https:\/\/api.w.org\/{rel}","templated":true}]}}