{"id":60776,"date":"2021-02-16T10:57:32","date_gmt":"2021-02-16T08:57:32","guid":{"rendered":"https:\/\/dev.tactic.net\/tuote\/claas-nectis-267-f-traktor\/"},"modified":"2023-10-20T15:43:02","modified_gmt":"2023-10-20T12:43:02","slug":"claas-nectis-267-f-traktor","status":"publish","type":"product","link":"https:\/\/games.tactic.net\/sv\/tuote\/claas-nectis-267-f-traktor\/","title":{"rendered":"Bruder Claas Nectis 267 F tractor toy"},"content":{"rendered":"<p>Nectis 267 F fr\u00e5n Claas \u00e4r konstruerad f\u00f6r anv\u00e4ndning p\u00e5 ving\u00e5rdar och fruktplantager och andra tr\u00e5nga utrymmen. Tack vare en kraftfull motor, den speciella chassiutformningen och den extremt lilla v\u00e4ndradien, kan du med l\u00e4tthet man\u00f6vrera den h\u00e4r traktorn.<\/p>\n","protected":false},"excerpt":{"rendered":"<p>Nectis 267 F fr\u00e5n Claas \u00e4r konstruerad f\u00f6r anv\u00e4ndning p\u00e5 ving\u00e5rdar och fruktplantager och andra tr\u00e5nga utrymmen. Tack vare en kraftfull motor, den speciella chassiutformningen och den extremt lilla v\u00e4ndradien, kan du med l\u00e4tthet man\u00f6vrera den h\u00e4r traktorn.<\/p>\n","protected":false},"featured_media":0,"template":"","meta":{"content-type":"","_monsterinsights_skip_tracking":false,"_monsterinsights_sitenote_active":false,"_monsterinsights_sitenote_note":"","_monsterinsights_sitenote_category":0},"product_brand":[],"product_cat":[823],"product_tag":[],"brand":[],"target-group":[],"discontinued":[],"class_list":{"0":"post-60776","1":"product","2":"type-product","3":"status-publish","5":"product_cat-bruder","7":"first","8":"instock","9":"taxable","10":"shipping-taxable","11":"product-type-simple"},"aioseo_notices":[],"_links":{"self":[{"href":"https:\/\/games.tactic.net\/sv\/wp-json\/wp\/v2\/product\/60776","targetHints":{"allow":["GET"]}}],"collection":[{"href":"https:\/\/games.tactic.net\/sv\/wp-json\/wp\/v2\/product"}],"about":[{"href":"https:\/\/games.tactic.net\/sv\/wp-json\/wp\/v2\/types\/product"}],"wp:attachment":[{"href":"https:\/\/games.tactic.net\/sv\/wp-json\/wp\/v2\/media?parent=60776"}],"wp:term":[{"taxonomy":"product_brand","embeddable":true,"href":"https:\/\/games.tactic.net\/sv\/wp-json\/wp\/v2\/product_brand?post=60776"},{"taxonomy":"product_cat","embeddable":true,"href":"https:\/\/games.tactic.net\/sv\/wp-json\/wp\/v2\/product_cat?post=60776"},{"taxonomy":"product_tag","embeddable":true,"href":"https:\/\/games.tactic.net\/sv\/wp-json\/wp\/v2\/product_tag?post=60776"},{"taxonomy":"brand","embeddable":true,"href":"https:\/\/games.tactic.net\/sv\/wp-json\/wp\/v2\/brand?post=60776"},{"taxonomy":"target-group","embeddable":true,"href":"https:\/\/games.tactic.net\/sv\/wp-json\/wp\/v2\/target-group?post=60776"},{"taxonomy":"discontinued","embeddable":true,"href":"https:\/\/games.tactic.net\/sv\/wp-json\/wp\/v2\/discontinued?post=60776"}],"curies":[{"name":"wp","href":"https:\/\/api.w.org\/{rel}","templated":true}]}}