{"id":60775,"date":"2021-02-16T10:57:30","date_gmt":"2021-02-16T08:57:30","guid":{"rendered":"https:\/\/dev.tactic.net\/tuote\/john-deere-5115m-med-tippslap\/"},"modified":"2023-10-20T16:02:55","modified_gmt":"2023-10-20T13:02:55","slug":"john-deere-5115m-med-tippslap","status":"publish","type":"product","link":"https:\/\/games.tactic.net\/sv\/tuote\/john-deere-5115m-med-tippslap\/","title":{"rendered":"Bruder John Deere 5115M med tippsl\u00e4p"},"content":{"rendered":"<p>Modelltypisk design i kombination med h\u00e5llbarhet och m\u00e5ngsidiga funktioner g\u00f6r den h\u00e4r traktorn kompatibel med det stora utbudet av BRUDERs jordbruksenheter. Dess styrning g\u00f6r den smidig och en extra dragst\u00e5ng g\u00f6r det m\u00f6jligt att styra genom det skjutbara taket, precis som de stora BRUDER-modellerna. Den tv\u00e5axlade trailern \u00e4r den perfekta f\u00f6ljeslagaren till olika arbeten med sin lutande plattform och nedf\u00e4llbara sidogrindar.<\/p>\n","protected":false},"excerpt":{"rendered":"<p>Bruder<\/p>\n","protected":false},"featured_media":0,"template":"","meta":{"content-type":"","_monsterinsights_skip_tracking":false,"_monsterinsights_sitenote_active":false,"_monsterinsights_sitenote_note":"","_monsterinsights_sitenote_category":0},"product_brand":[],"product_cat":[823],"product_tag":[],"brand":[],"target-group":[],"discontinued":[],"class_list":{"0":"post-60775","1":"product","2":"type-product","3":"status-publish","5":"product_cat-bruder","7":"first","8":"instock","9":"taxable","10":"shipping-taxable","11":"product-type-simple"},"aioseo_notices":[],"_links":{"self":[{"href":"https:\/\/games.tactic.net\/sv\/wp-json\/wp\/v2\/product\/60775","targetHints":{"allow":["GET"]}}],"collection":[{"href":"https:\/\/games.tactic.net\/sv\/wp-json\/wp\/v2\/product"}],"about":[{"href":"https:\/\/games.tactic.net\/sv\/wp-json\/wp\/v2\/types\/product"}],"wp:attachment":[{"href":"https:\/\/games.tactic.net\/sv\/wp-json\/wp\/v2\/media?parent=60775"}],"wp:term":[{"taxonomy":"product_brand","embeddable":true,"href":"https:\/\/games.tactic.net\/sv\/wp-json\/wp\/v2\/product_brand?post=60775"},{"taxonomy":"product_cat","embeddable":true,"href":"https:\/\/games.tactic.net\/sv\/wp-json\/wp\/v2\/product_cat?post=60775"},{"taxonomy":"product_tag","embeddable":true,"href":"https:\/\/games.tactic.net\/sv\/wp-json\/wp\/v2\/product_tag?post=60775"},{"taxonomy":"brand","embeddable":true,"href":"https:\/\/games.tactic.net\/sv\/wp-json\/wp\/v2\/brand?post=60775"},{"taxonomy":"target-group","embeddable":true,"href":"https:\/\/games.tactic.net\/sv\/wp-json\/wp\/v2\/target-group?post=60775"},{"taxonomy":"discontinued","embeddable":true,"href":"https:\/\/games.tactic.net\/sv\/wp-json\/wp\/v2\/discontinued?post=60775"}],"curies":[{"name":"wp","href":"https:\/\/api.w.org\/{rel}","templated":true}]}}