{"id":60774,"date":"2021-02-16T10:57:27","date_gmt":"2021-02-16T08:57:27","guid":{"rendered":"https:\/\/dev.tactic.net\/tuote\/john-deere-5115m-traktor\/"},"modified":"2023-10-20T16:02:30","modified_gmt":"2023-10-20T13:02:30","slug":"john-deere-5115m-traktor","status":"publish","type":"product","link":"https:\/\/games.tactic.net\/sv\/tuote\/john-deere-5115m-traktor\/","title":{"rendered":"Bruder John Deere 5115M tractor toy"},"content":{"rendered":"<p>automotive body: &#8211; detachable front weight &#8211; receiver for front loader &#8211; standard front and rear coupling chassis: &#8211; steerable, off-road full floating axle &#8211; steerable and off-road front axle &#8211; tread tyres motion\/function: &#8211; additional steering rod allows steering through the sliding tractor roof.<\/p>\n","protected":false},"excerpt":{"rendered":"<p>Som ett till\u00e4gg till de m\u00e5nga John Deere-artiklarna i BRUDER-sortimentet finns nu ocks\u00e5 John Deere 5115M. Modellen fr\u00e5n 5M-traktorserien imponerar s\u00e4rskilt med sina detaljerade funktioner, kompakta dimensioner och smidighet. Dess s\u00e4rskilt goda man\u00f6vrerbarhet g\u00f6r att den kan fungera perfekt p\u00e5 en begr\u00e4nsad yta eller enkelt parkeras i bworld-maskinhallen. <\/p>\n<p>I denna modell har den stora och tydligt arrangerade hytten anpassats till bworld-figurer och g\u00f6r det m\u00f6jligt f\u00f6r dem att navigera en traktor s\u00e4rskilt bra. Precis som alla andra traktorer i BRUDER-sortimentet kan John Deere 5115M styras med hj\u00e4lp av den extra styrst\u00e5ngen efter att ha placerat den p\u00e5 det r\u00f6rliga ratten genom det \u00f6ppningsbara taket.<br \/>\nDenna modell \u00e4r i skala 1:16 f\u00f6r att du ska kunna skapa en s\u00e4rskilt tilltalande lekomgivning med flera BRUDER-produkter. Den avtagbara frontvikten i kombination med dragst\u00e5ngskopplingen g\u00f6r det m\u00f6jligt att f\u00e4sta m\u00e5nga tillbeh\u00f6r och sl\u00e4pvagnar fr\u00e5n hela BRUDERs sortiment. <\/p>\n<p>John Deere 5115M \u00e4r stj\u00e4rnan i den kompakta traktorklassen p\u00e5 g\u00e5rden. Den stora hytten sticker ut med gott om utrymme f\u00f6r f\u00f6raren. Kraftfull och effektiv motor. M\u00e5ngsidighet \u00e4r dess speciella egenskap. Oavsett om traktorn transporterar varor p\u00e5 v\u00e4gen eller om den anv\u00e4nds med tillbeh\u00f6r p\u00e5 f\u00e4ltet, kommer prestandan f\u00f6r denna traktor alltid att bekr\u00e4fta att du gjorde r\u00e4tt val.<br \/>\nLeksaken \u00e4r inte annorlunda. Som vanligt g\u00f6r modelldesignen tillsammans med h\u00e5llbarhet och m\u00e5ngsidiga funktioner den kompatibel med det stora utbudet av BRUDERs jordbruksfordon och tillbeh\u00f6r. Dess styrning g\u00f6r den smidig och en styrst\u00e5ng g\u00f6r det m\u00f6jligt att styra genom det skjutbara taket, precis som de stora BRUDER-modellerna. Kan utrustas med p\u00e5monterad frontlastare. Denna tilltalande traktor \u00e4r det perfekta tillskottet till bworld-v\u00e4rldar. <\/p>\n<p>Funktioner:<br \/>\nStyrst\u00e5ng kan f\u00f6rvaras i fordonets underrede.<br \/>\nAvtagbar frontvikt.<br \/>\nMottagare f\u00f6r frontlastare.<br \/>\nStandard fram- och bakre koppling.<br \/>\nStyrbar och terr\u00e4ngg\u00e5ende framaxel.<br \/>\nM\u00f6nstrade d\u00e4ck.<br \/>\nExtra styrst\u00e5ng g\u00f6r det m\u00f6jligt att styra genom traktorns \u00f6ppningsbara tak.<\/p>\n<p>Allm\u00e4n information:<br \/>\nBruder traktorserie 1000<br \/>\nKompatibel med figur<br \/>\nRekommenderad \u00e5lder: l\u00e4mplig fr\u00e5n 3 \u00e5r f\u00f6r inomhus- och utomhuslek<br \/>\nTillverkad av h\u00f6gkvalitativa plaster, som ABS<br \/>\nSkala 1:16<\/p>\n","protected":false},"featured_media":0,"template":"","meta":{"content-type":"","_monsterinsights_skip_tracking":false,"_monsterinsights_sitenote_active":false,"_monsterinsights_sitenote_note":"","_monsterinsights_sitenote_category":0},"product_brand":[],"product_cat":[823],"product_tag":[],"brand":[],"target-group":[],"discontinued":[],"class_list":{"0":"post-60774","1":"product","2":"type-product","3":"status-publish","5":"product_cat-bruder","7":"first","8":"instock","9":"taxable","10":"shipping-taxable","11":"product-type-simple"},"aioseo_notices":[],"_links":{"self":[{"href":"https:\/\/games.tactic.net\/sv\/wp-json\/wp\/v2\/product\/60774","targetHints":{"allow":["GET"]}}],"collection":[{"href":"https:\/\/games.tactic.net\/sv\/wp-json\/wp\/v2\/product"}],"about":[{"href":"https:\/\/games.tactic.net\/sv\/wp-json\/wp\/v2\/types\/product"}],"wp:attachment":[{"href":"https:\/\/games.tactic.net\/sv\/wp-json\/wp\/v2\/media?parent=60774"}],"wp:term":[{"taxonomy":"product_brand","embeddable":true,"href":"https:\/\/games.tactic.net\/sv\/wp-json\/wp\/v2\/product_brand?post=60774"},{"taxonomy":"product_cat","embeddable":true,"href":"https:\/\/games.tactic.net\/sv\/wp-json\/wp\/v2\/product_cat?post=60774"},{"taxonomy":"product_tag","embeddable":true,"href":"https:\/\/games.tactic.net\/sv\/wp-json\/wp\/v2\/product_tag?post=60774"},{"taxonomy":"brand","embeddable":true,"href":"https:\/\/games.tactic.net\/sv\/wp-json\/wp\/v2\/brand?post=60774"},{"taxonomy":"target-group","embeddable":true,"href":"https:\/\/games.tactic.net\/sv\/wp-json\/wp\/v2\/target-group?post=60774"},{"taxonomy":"discontinued","embeddable":true,"href":"https:\/\/games.tactic.net\/sv\/wp-json\/wp\/v2\/discontinued?post=60774"}],"curies":[{"name":"wp","href":"https:\/\/api.w.org\/{rel}","templated":true}]}}