{"id":60773,"date":"2021-02-16T10:57:24","date_gmt":"2021-02-16T08:57:24","guid":{"rendered":"https:\/\/dev.tactic.net\/tuote\/fendt-209-s-traktor-med-tippslap\/"},"modified":"2024-01-08T09:40:50","modified_gmt":"2024-01-08T07:40:50","slug":"fendt-209-s-traktor-med-tippslap","status":"archive","type":"product","link":"https:\/\/games.tactic.net\/sv\/tuote\/fendt-209-s-traktor-med-tippslap\/","title":{"rendered":"Bruder Fendt 209 S Traktor med tippsl\u00e4p"},"content":{"rendered":"<p>Fendt 209 S med en liten, l\u00e4ttman\u00f6vrerad trailer \u00e4r den perfekta leksaken f\u00f6r sm\u00e5 lantbrukare som fullt ut imiterar den verkliga anv\u00e4ndningen av maskinerna. H\u00e4r \u00e4r m\u00e5nga funktioner att leka med, t.ex. nerf\u00e4llbara sidolemmar.<\/p>\n","protected":false},"excerpt":{"rendered":"<p>Fendt 209 S med en liten, l\u00e4ttman\u00f6vrerad trailer \u00e4r den perfekta leksaken f\u00f6r sm\u00e5 lantbrukare som fullt ut imiterar den verkliga anv\u00e4ndningen av maskinerna. H\u00e4r \u00e4r m\u00e5nga funktioner att leka med, t.ex. nerf\u00e4llbara sidolemmar.<\/p>\n","protected":false},"featured_media":0,"template":"","meta":{"content-type":"","_monsterinsights_skip_tracking":false,"_monsterinsights_sitenote_active":false,"_monsterinsights_sitenote_note":"","_monsterinsights_sitenote_category":0},"product_brand":[],"product_cat":[823],"product_tag":[],"brand":[],"target-group":[],"discontinued":[],"class_list":{"0":"post-60773","1":"product","2":"type-product","3":"status-archive","5":"product_cat-bruder","7":"first","8":"outofstock","9":"taxable","10":"shipping-taxable","11":"product-type-simple"},"aioseo_notices":[],"_links":{"self":[{"href":"https:\/\/games.tactic.net\/sv\/wp-json\/wp\/v2\/product\/60773","targetHints":{"allow":["GET"]}}],"collection":[{"href":"https:\/\/games.tactic.net\/sv\/wp-json\/wp\/v2\/product"}],"about":[{"href":"https:\/\/games.tactic.net\/sv\/wp-json\/wp\/v2\/types\/product"}],"wp:attachment":[{"href":"https:\/\/games.tactic.net\/sv\/wp-json\/wp\/v2\/media?parent=60773"}],"wp:term":[{"taxonomy":"product_brand","embeddable":true,"href":"https:\/\/games.tactic.net\/sv\/wp-json\/wp\/v2\/product_brand?post=60773"},{"taxonomy":"product_cat","embeddable":true,"href":"https:\/\/games.tactic.net\/sv\/wp-json\/wp\/v2\/product_cat?post=60773"},{"taxonomy":"product_tag","embeddable":true,"href":"https:\/\/games.tactic.net\/sv\/wp-json\/wp\/v2\/product_tag?post=60773"},{"taxonomy":"brand","embeddable":true,"href":"https:\/\/games.tactic.net\/sv\/wp-json\/wp\/v2\/brand?post=60773"},{"taxonomy":"target-group","embeddable":true,"href":"https:\/\/games.tactic.net\/sv\/wp-json\/wp\/v2\/target-group?post=60773"},{"taxonomy":"discontinued","embeddable":true,"href":"https:\/\/games.tactic.net\/sv\/wp-json\/wp\/v2\/discontinued?post=60773"}],"curies":[{"name":"wp","href":"https:\/\/api.w.org\/{rel}","templated":true}]}}