{"id":60769,"date":"2021-02-16T10:57:11","date_gmt":"2021-02-16T08:57:11","guid":{"rendered":"https:\/\/dev.tactic.net\/tuote\/massey-ferguson-7480-traktor-med-frontlastare\/"},"modified":"2022-10-25T15:35:59","modified_gmt":"2022-10-25T12:35:59","slug":"massey-ferguson-7480-traktor-med-frontlastare","status":"archive","type":"product","link":"https:\/\/games.tactic.net\/sv\/tuote\/massey-ferguson-7480-traktor-med-frontlastare\/","title":{"rendered":"Massey Ferguson 7480 Traktor med frontlastare"},"content":{"rendered":"<p>Den realistiska Massey Ferguson 7480 \u00e4r utrustad med en fullt fungerande frontlastare! Frontlastaren kan l\u00e4tt klickas p\u00e5 och av genom att l\u00f6sg\u00f6ra frontvikten.<\/p>\n","protected":false},"excerpt":{"rendered":"<p>Den realistiska Massey Ferguson 7480 \u00e4r utrustad med en fullt fungerande frontlastare! Frontlastaren kan l\u00e4tt klickas p\u00e5 och av genom att l\u00f6sg\u00f6ra frontvikten.<\/p>\n","protected":false},"featured_media":0,"template":"","meta":{"content-type":"","_monsterinsights_skip_tracking":false,"_monsterinsights_sitenote_active":false,"_monsterinsights_sitenote_note":"","_monsterinsights_sitenote_category":0},"product_brand":[],"product_cat":[823],"product_tag":[],"brand":[],"target-group":[],"discontinued":[],"class_list":{"0":"post-60769","1":"product","2":"type-product","3":"status-archive","5":"product_cat-bruder","7":"first","8":"outofstock","9":"taxable","10":"shipping-taxable","11":"product-type-simple"},"aioseo_notices":[],"_links":{"self":[{"href":"https:\/\/games.tactic.net\/sv\/wp-json\/wp\/v2\/product\/60769","targetHints":{"allow":["GET"]}}],"collection":[{"href":"https:\/\/games.tactic.net\/sv\/wp-json\/wp\/v2\/product"}],"about":[{"href":"https:\/\/games.tactic.net\/sv\/wp-json\/wp\/v2\/types\/product"}],"wp:attachment":[{"href":"https:\/\/games.tactic.net\/sv\/wp-json\/wp\/v2\/media?parent=60769"}],"wp:term":[{"taxonomy":"product_brand","embeddable":true,"href":"https:\/\/games.tactic.net\/sv\/wp-json\/wp\/v2\/product_brand?post=60769"},{"taxonomy":"product_cat","embeddable":true,"href":"https:\/\/games.tactic.net\/sv\/wp-json\/wp\/v2\/product_cat?post=60769"},{"taxonomy":"product_tag","embeddable":true,"href":"https:\/\/games.tactic.net\/sv\/wp-json\/wp\/v2\/product_tag?post=60769"},{"taxonomy":"brand","embeddable":true,"href":"https:\/\/games.tactic.net\/sv\/wp-json\/wp\/v2\/brand?post=60769"},{"taxonomy":"target-group","embeddable":true,"href":"https:\/\/games.tactic.net\/sv\/wp-json\/wp\/v2\/target-group?post=60769"},{"taxonomy":"discontinued","embeddable":true,"href":"https:\/\/games.tactic.net\/sv\/wp-json\/wp\/v2\/discontinued?post=60769"}],"curies":[{"name":"wp","href":"https:\/\/api.w.org\/{rel}","templated":true}]}}