{"id":60768,"date":"2021-02-16T10:57:08","date_gmt":"2021-02-16T08:57:08","guid":{"rendered":"https:\/\/dev.tactic.net\/tuote\/transportband\/"},"modified":"2023-10-20T15:44:57","modified_gmt":"2023-10-20T12:44:57","slug":"transportband","status":"publish","type":"product","link":"https:\/\/games.tactic.net\/sv\/tuote\/transportband\/","title":{"rendered":"Bruder Transportband"},"content":{"rendered":"<p>Detta fantastiska och verklighetstrogna transportband, f\u00f6rflyttar tunga laster s\u00e5som sten, timmer och bulkmaterial. Lyft- och transportmekanismen \u00e4r enkel att sk\u00f6ta med en vev.<\/p>\n","protected":false},"excerpt":{"rendered":"<p>Detta fantastiska och verklighetstrogna transportband, f\u00f6rflyttar tunga laster s\u00e5som sten, timmer och bulkmaterial. Lyft- och transportmekanismen \u00e4r enkel att sk\u00f6ta med en vev.<\/p>\n","protected":false},"featured_media":0,"template":"","meta":{"content-type":"","_monsterinsights_skip_tracking":false,"_monsterinsights_sitenote_active":false,"_monsterinsights_sitenote_note":"","_monsterinsights_sitenote_category":0},"product_brand":[],"product_cat":[823],"product_tag":[],"brand":[],"target-group":[],"discontinued":[],"class_list":{"0":"post-60768","1":"product","2":"type-product","3":"status-publish","5":"product_cat-bruder","7":"first","8":"instock","9":"taxable","10":"shipping-taxable","11":"product-type-simple"},"aioseo_notices":[],"_links":{"self":[{"href":"https:\/\/games.tactic.net\/sv\/wp-json\/wp\/v2\/product\/60768","targetHints":{"allow":["GET"]}}],"collection":[{"href":"https:\/\/games.tactic.net\/sv\/wp-json\/wp\/v2\/product"}],"about":[{"href":"https:\/\/games.tactic.net\/sv\/wp-json\/wp\/v2\/types\/product"}],"wp:attachment":[{"href":"https:\/\/games.tactic.net\/sv\/wp-json\/wp\/v2\/media?parent=60768"}],"wp:term":[{"taxonomy":"product_brand","embeddable":true,"href":"https:\/\/games.tactic.net\/sv\/wp-json\/wp\/v2\/product_brand?post=60768"},{"taxonomy":"product_cat","embeddable":true,"href":"https:\/\/games.tactic.net\/sv\/wp-json\/wp\/v2\/product_cat?post=60768"},{"taxonomy":"product_tag","embeddable":true,"href":"https:\/\/games.tactic.net\/sv\/wp-json\/wp\/v2\/product_tag?post=60768"},{"taxonomy":"brand","embeddable":true,"href":"https:\/\/games.tactic.net\/sv\/wp-json\/wp\/v2\/brand?post=60768"},{"taxonomy":"target-group","embeddable":true,"href":"https:\/\/games.tactic.net\/sv\/wp-json\/wp\/v2\/target-group?post=60768"},{"taxonomy":"discontinued","embeddable":true,"href":"https:\/\/games.tactic.net\/sv\/wp-json\/wp\/v2\/discontinued?post=60768"}],"curies":[{"name":"wp","href":"https:\/\/api.w.org\/{rel}","templated":true}]}}