{"id":60767,"date":"2021-02-16T10:57:05","date_gmt":"2021-02-16T08:57:05","guid":{"rendered":"https:\/\/dev.tactic.net\/tuote\/lemken-solitair-9-samaskin\/"},"modified":"2023-10-20T16:12:22","modified_gmt":"2023-10-20T13:12:22","slug":"lemken-solitair-9-samaskin","status":"publish","type":"product","link":"https:\/\/games.tactic.net\/sv\/tuote\/lemken-solitair-9-samaskin\/","title":{"rendered":"Bruder LEMKEN Solitair 9 S\u00e5maskin"},"content":{"rendered":"<p>S\u00e5ningstider! S\u00e5maskinen har m\u00e5nga r\u00f6rliga delar, som g\u00f6r leken mer sp\u00e4nnande; fr\u00f6beh\u00e5llare, f\u00e4llbar trappa, s\u00e5billar, utmatningsenhet, slangar och mycket mer!<\/p>\n","protected":false},"excerpt":{"rendered":"<p>S\u00e5ningstider! S\u00e5maskinen har m\u00e5nga r\u00f6rliga delar, som g\u00f6r leken mer sp\u00e4nnande; fr\u00f6beh\u00e5llare, f\u00e4llbar trappa, s\u00e5billar, utmatningsenhet, slangar och mycket mer!<\/p>\n","protected":false},"featured_media":0,"template":"","meta":{"content-type":"","_monsterinsights_skip_tracking":false,"_monsterinsights_sitenote_active":false,"_monsterinsights_sitenote_note":"","_monsterinsights_sitenote_category":0},"product_brand":[],"product_cat":[823],"product_tag":[],"brand":[],"target-group":[],"discontinued":[],"class_list":{"0":"post-60767","1":"product","2":"type-product","3":"status-publish","5":"product_cat-bruder","7":"first","8":"outofstock","9":"taxable","10":"shipping-taxable","11":"product-type-simple"},"aioseo_notices":[],"_links":{"self":[{"href":"https:\/\/games.tactic.net\/sv\/wp-json\/wp\/v2\/product\/60767","targetHints":{"allow":["GET"]}}],"collection":[{"href":"https:\/\/games.tactic.net\/sv\/wp-json\/wp\/v2\/product"}],"about":[{"href":"https:\/\/games.tactic.net\/sv\/wp-json\/wp\/v2\/types\/product"}],"wp:attachment":[{"href":"https:\/\/games.tactic.net\/sv\/wp-json\/wp\/v2\/media?parent=60767"}],"wp:term":[{"taxonomy":"product_brand","embeddable":true,"href":"https:\/\/games.tactic.net\/sv\/wp-json\/wp\/v2\/product_brand?post=60767"},{"taxonomy":"product_cat","embeddable":true,"href":"https:\/\/games.tactic.net\/sv\/wp-json\/wp\/v2\/product_cat?post=60767"},{"taxonomy":"product_tag","embeddable":true,"href":"https:\/\/games.tactic.net\/sv\/wp-json\/wp\/v2\/product_tag?post=60767"},{"taxonomy":"brand","embeddable":true,"href":"https:\/\/games.tactic.net\/sv\/wp-json\/wp\/v2\/brand?post=60767"},{"taxonomy":"target-group","embeddable":true,"href":"https:\/\/games.tactic.net\/sv\/wp-json\/wp\/v2\/target-group?post=60767"},{"taxonomy":"discontinued","embeddable":true,"href":"https:\/\/games.tactic.net\/sv\/wp-json\/wp\/v2\/discontinued?post=60767"}],"curies":[{"name":"wp","href":"https:\/\/api.w.org\/{rel}","templated":true}]}}