{"id":60764,"date":"2021-02-16T10:56:56","date_gmt":"2021-02-16T08:56:56","guid":{"rendered":"https:\/\/dev.tactic.net\/tuote\/john-deere-hopress-inkl-hobal\/"},"modified":"2023-10-20T16:04:59","modified_gmt":"2023-10-20T13:04:59","slug":"john-deere-hopress-inkl-hobal","status":"publish","type":"product","link":"https:\/\/games.tactic.net\/sv\/tuote\/john-deere-hopress-inkl-hobal\/","title":{"rendered":"Bruder John Deere H\u00f6press inkl. h\u00f6bal"},"content":{"rendered":"<p>Den stora halmpressen \u00e4r perfekt vid sk\u00f6rdetid. K\u00f6r h\u00f6rakan och skicka halmbalarna nedf\u00f6r rampen, som du \u00e4ven kan vippa upp. F\u00e4ll ner st\u00f6dbenet f\u00f6r b\u00e4ttre stabilitet.<\/p>\n","protected":false},"excerpt":{"rendered":"<p>Den stora halmpressen \u00e4r perfekt vid sk\u00f6rdetid. K\u00f6r h\u00f6rakan och skicka halmbalarna nedf\u00f6r rampen, som du \u00e4ven kan vippa upp. F\u00e4ll ner st\u00f6dbenet f\u00f6r b\u00e4ttre stabilitet.<\/p>\n","protected":false},"featured_media":0,"template":"","meta":{"content-type":"","_monsterinsights_skip_tracking":false,"_monsterinsights_sitenote_active":false,"_monsterinsights_sitenote_note":"","_monsterinsights_sitenote_category":0},"product_brand":[],"product_cat":[823],"product_tag":[],"brand":[],"target-group":[],"discontinued":[],"class_list":{"0":"post-60764","1":"product","2":"type-product","3":"status-publish","5":"product_cat-bruder","7":"first","8":"instock","9":"taxable","10":"shipping-taxable","11":"product-type-simple"},"aioseo_notices":[],"_links":{"self":[{"href":"https:\/\/games.tactic.net\/sv\/wp-json\/wp\/v2\/product\/60764","targetHints":{"allow":["GET"]}}],"collection":[{"href":"https:\/\/games.tactic.net\/sv\/wp-json\/wp\/v2\/product"}],"about":[{"href":"https:\/\/games.tactic.net\/sv\/wp-json\/wp\/v2\/types\/product"}],"wp:attachment":[{"href":"https:\/\/games.tactic.net\/sv\/wp-json\/wp\/v2\/media?parent=60764"}],"wp:term":[{"taxonomy":"product_brand","embeddable":true,"href":"https:\/\/games.tactic.net\/sv\/wp-json\/wp\/v2\/product_brand?post=60764"},{"taxonomy":"product_cat","embeddable":true,"href":"https:\/\/games.tactic.net\/sv\/wp-json\/wp\/v2\/product_cat?post=60764"},{"taxonomy":"product_tag","embeddable":true,"href":"https:\/\/games.tactic.net\/sv\/wp-json\/wp\/v2\/product_tag?post=60764"},{"taxonomy":"brand","embeddable":true,"href":"https:\/\/games.tactic.net\/sv\/wp-json\/wp\/v2\/brand?post=60764"},{"taxonomy":"target-group","embeddable":true,"href":"https:\/\/games.tactic.net\/sv\/wp-json\/wp\/v2\/target-group?post=60764"},{"taxonomy":"discontinued","embeddable":true,"href":"https:\/\/games.tactic.net\/sv\/wp-json\/wp\/v2\/discontinued?post=60764"}],"curies":[{"name":"wp","href":"https:\/\/api.w.org\/{rel}","templated":true}]}}