{"id":60763,"date":"2021-02-16T10:56:54","date_gmt":"2021-02-16T08:56:54","guid":{"rendered":"https:\/\/dev.tactic.net\/tuote\/roadmax-traktor-med-frontlastare-och-tippslap\/"},"modified":"2022-03-22T13:04:38","modified_gmt":"2022-03-22T11:04:38","slug":"roadmax-traktor-med-frontlastare-och-tippslap","status":"archive","type":"product","link":"https:\/\/games.tactic.net\/sv\/tuote\/roadmax-traktor-med-frontlastare-och-tippslap\/","title":{"rendered":"ROADMAX Traktor med frontlastare och tippsl\u00e4p"},"content":{"rendered":"<p>Traktorn med frontlastare och sl\u00e4p lockar till roliga lekar. Hytten kan \u00f6ppnas och armen med skopan enkelt h\u00f6jas och s\u00e4nkas. Vagnen kan tippas vid lossning.<\/p>\n","protected":false},"excerpt":{"rendered":"<p>Traktorn med frontlastare och sl\u00e4p lockar till roliga lekar. Hytten kan \u00f6ppnas och armen med skopan enkelt h\u00f6jas och s\u00e4nkas. Vagnen kan tippas vid lossning.<\/p>\n","protected":false},"featured_media":0,"template":"","meta":{"content-type":"","_monsterinsights_skip_tracking":false,"_monsterinsights_sitenote_active":false,"_monsterinsights_sitenote_note":"","_monsterinsights_sitenote_category":0},"product_brand":[],"product_cat":[2018,726],"product_tag":[],"brand":[],"target-group":[],"discontinued":[],"class_list":{"0":"post-60763","1":"product","2":"type-product","3":"status-archive","5":"product_cat-bruder-5","6":"product_cat-leksaker","8":"first","9":"outofstock","10":"taxable","11":"shipping-taxable","12":"product-type-simple"},"aioseo_notices":[],"_links":{"self":[{"href":"https:\/\/games.tactic.net\/sv\/wp-json\/wp\/v2\/product\/60763","targetHints":{"allow":["GET"]}}],"collection":[{"href":"https:\/\/games.tactic.net\/sv\/wp-json\/wp\/v2\/product"}],"about":[{"href":"https:\/\/games.tactic.net\/sv\/wp-json\/wp\/v2\/types\/product"}],"wp:attachment":[{"href":"https:\/\/games.tactic.net\/sv\/wp-json\/wp\/v2\/media?parent=60763"}],"wp:term":[{"taxonomy":"product_brand","embeddable":true,"href":"https:\/\/games.tactic.net\/sv\/wp-json\/wp\/v2\/product_brand?post=60763"},{"taxonomy":"product_cat","embeddable":true,"href":"https:\/\/games.tactic.net\/sv\/wp-json\/wp\/v2\/product_cat?post=60763"},{"taxonomy":"product_tag","embeddable":true,"href":"https:\/\/games.tactic.net\/sv\/wp-json\/wp\/v2\/product_tag?post=60763"},{"taxonomy":"brand","embeddable":true,"href":"https:\/\/games.tactic.net\/sv\/wp-json\/wp\/v2\/brand?post=60763"},{"taxonomy":"target-group","embeddable":true,"href":"https:\/\/games.tactic.net\/sv\/wp-json\/wp\/v2\/target-group?post=60763"},{"taxonomy":"discontinued","embeddable":true,"href":"https:\/\/games.tactic.net\/sv\/wp-json\/wp\/v2\/discontinued?post=60763"}],"curies":[{"name":"wp","href":"https:\/\/api.w.org\/{rel}","templated":true}]}}