{"id":60747,"date":"2021-02-16T10:56:47","date_gmt":"2021-02-16T08:56:47","guid":{"rendered":"https:\/\/dev.tactic.net\/tuote\/roadmax-traktor-med-frontlastare\/"},"modified":"2022-03-22T13:04:05","modified_gmt":"2022-03-22T11:04:05","slug":"roadmax-traktor-med-frontlastare","status":"archive","type":"product","link":"https:\/\/games.tactic.net\/sv\/tuote\/roadmax-traktor-med-frontlastare\/","title":{"rendered":"ROADMAX Traktor med Frontlastare"},"content":{"rendered":"<p>Den transparenta f\u00f6rarhytten kan \u00f6ppnas uppifr\u00e5n. Frontlastaren \u00e4r fullt funktionsduglig och kan l\u00e5sas i fast position. Frontskopan kan vippas med en spak och de mjuka d\u00e4cken g\u00f6r den h\u00e4r leksaken perfekt f\u00f6r mindre barn.<\/p>\n","protected":false},"excerpt":{"rendered":"<p>Den transparenta f\u00f6rarhytten kan \u00f6ppnas uppifr\u00e5n. Frontlastaren \u00e4r fullt funktionsduglig och kan l\u00e5sas i fast position. Frontskopan kan vippas med en spak och de mjuka d\u00e4cken g\u00f6r den h\u00e4r leksaken perfekt f\u00f6r mindre barn.<\/p>\n","protected":false},"featured_media":0,"template":"","meta":{"content-type":"","_monsterinsights_skip_tracking":false,"_monsterinsights_sitenote_active":false,"_monsterinsights_sitenote_note":"","_monsterinsights_sitenote_category":0},"product_brand":[],"product_cat":[2018,726],"product_tag":[],"brand":[],"target-group":[],"discontinued":[],"class_list":{"0":"post-60747","1":"product","2":"type-product","3":"status-archive","5":"product_cat-bruder-5","6":"product_cat-leksaker","8":"first","9":"outofstock","10":"taxable","11":"shipping-taxable","12":"product-type-simple"},"aioseo_notices":[],"_links":{"self":[{"href":"https:\/\/games.tactic.net\/sv\/wp-json\/wp\/v2\/product\/60747","targetHints":{"allow":["GET"]}}],"collection":[{"href":"https:\/\/games.tactic.net\/sv\/wp-json\/wp\/v2\/product"}],"about":[{"href":"https:\/\/games.tactic.net\/sv\/wp-json\/wp\/v2\/types\/product"}],"wp:attachment":[{"href":"https:\/\/games.tactic.net\/sv\/wp-json\/wp\/v2\/media?parent=60747"}],"wp:term":[{"taxonomy":"product_brand","embeddable":true,"href":"https:\/\/games.tactic.net\/sv\/wp-json\/wp\/v2\/product_brand?post=60747"},{"taxonomy":"product_cat","embeddable":true,"href":"https:\/\/games.tactic.net\/sv\/wp-json\/wp\/v2\/product_cat?post=60747"},{"taxonomy":"product_tag","embeddable":true,"href":"https:\/\/games.tactic.net\/sv\/wp-json\/wp\/v2\/product_tag?post=60747"},{"taxonomy":"brand","embeddable":true,"href":"https:\/\/games.tactic.net\/sv\/wp-json\/wp\/v2\/brand?post=60747"},{"taxonomy":"target-group","embeddable":true,"href":"https:\/\/games.tactic.net\/sv\/wp-json\/wp\/v2\/target-group?post=60747"},{"taxonomy":"discontinued","embeddable":true,"href":"https:\/\/games.tactic.net\/sv\/wp-json\/wp\/v2\/discontinued?post=60747"}],"curies":[{"name":"wp","href":"https:\/\/api.w.org\/{rel}","templated":true}]}}