{"id":60746,"date":"2021-02-16T10:56:44","date_gmt":"2021-02-16T08:56:44","guid":{"rendered":"https:\/\/dev.tactic.net\/tuote\/tippslap-med-borttagbara-sidor-och-topp\/"},"modified":"2023-10-20T17:06:07","modified_gmt":"2023-10-20T14:06:07","slug":"tippslap-med-borttagbara-sidor-och-topp","status":"publish","type":"product","link":"https:\/\/games.tactic.net\/sv\/tuote\/tippslap-med-borttagbara-sidor-och-topp\/","title":{"rendered":"Bruder Tippsl\u00e4p med borttagbara sidor och topp"},"content":{"rendered":"<p>Tre sidor p\u00e5 tippvagnen kan \u00f6ppnas. Du kan \u00e4ven \u00f6ppna korngallret och ta bort de \u00f6vre grindarna. St\u00f6dben ger god stabilitet och profild\u00e4ck g\u00f6r vagnen komplett.<\/p>\n","protected":false},"excerpt":{"rendered":"<p>Tre sidor p\u00e5 tippvagnen kan \u00f6ppnas. Du kan \u00e4ven \u00f6ppna korngallret och ta bort de \u00f6vre grindarna. St\u00f6dben ger god stabilitet och profild\u00e4ck g\u00f6r vagnen komplett.<\/p>\n","protected":false},"featured_media":0,"template":"","meta":{"content-type":"","_monsterinsights_skip_tracking":false,"_monsterinsights_sitenote_active":false,"_monsterinsights_sitenote_note":"","_monsterinsights_sitenote_category":0},"product_brand":[],"product_cat":[823],"product_tag":[],"brand":[],"target-group":[],"discontinued":[],"class_list":{"0":"post-60746","1":"product","2":"type-product","3":"status-publish","5":"product_cat-bruder","7":"first","8":"outofstock","9":"taxable","10":"shipping-taxable","11":"product-type-simple"},"aioseo_notices":[],"_links":{"self":[{"href":"https:\/\/games.tactic.net\/sv\/wp-json\/wp\/v2\/product\/60746","targetHints":{"allow":["GET"]}}],"collection":[{"href":"https:\/\/games.tactic.net\/sv\/wp-json\/wp\/v2\/product"}],"about":[{"href":"https:\/\/games.tactic.net\/sv\/wp-json\/wp\/v2\/types\/product"}],"wp:attachment":[{"href":"https:\/\/games.tactic.net\/sv\/wp-json\/wp\/v2\/media?parent=60746"}],"wp:term":[{"taxonomy":"product_brand","embeddable":true,"href":"https:\/\/games.tactic.net\/sv\/wp-json\/wp\/v2\/product_brand?post=60746"},{"taxonomy":"product_cat","embeddable":true,"href":"https:\/\/games.tactic.net\/sv\/wp-json\/wp\/v2\/product_cat?post=60746"},{"taxonomy":"product_tag","embeddable":true,"href":"https:\/\/games.tactic.net\/sv\/wp-json\/wp\/v2\/product_tag?post=60746"},{"taxonomy":"brand","embeddable":true,"href":"https:\/\/games.tactic.net\/sv\/wp-json\/wp\/v2\/brand?post=60746"},{"taxonomy":"target-group","embeddable":true,"href":"https:\/\/games.tactic.net\/sv\/wp-json\/wp\/v2\/target-group?post=60746"},{"taxonomy":"discontinued","embeddable":true,"href":"https:\/\/games.tactic.net\/sv\/wp-json\/wp\/v2\/discontinued?post=60746"}],"curies":[{"name":"wp","href":"https:\/\/api.w.org\/{rel}","templated":true}]}}