{"id":60745,"date":"2021-02-16T10:56:41","date_gmt":"2021-02-16T08:56:41","guid":{"rendered":"https:\/\/dev.tactic.net\/tuote\/roadmax-kompaktlastare\/"},"modified":"2021-02-16T10:56:41","modified_gmt":"2021-02-16T08:56:41","slug":"roadmax-kompaktlastare","status":"publish","type":"product","link":"https:\/\/games.tactic.net\/sv\/tuote\/roadmax-kompaktlastare\/","title":{"rendered":"ROADMAX Kompaktlastare"},"content":{"rendered":"<p>ROADMAX serien med roliga funktioner  \u00e4r utformad f\u00f6r sm\u00e5 barn. Den lilla kompakta f\u00f6rarhytten kan \u00f6ppnas och armen med skopan l\u00e4tt h\u00f6jas och s\u00e4nkas.<\/p>\n","protected":false},"excerpt":{"rendered":"<p>ROADMAX serien med roliga funktioner  \u00e4r utformad f\u00f6r sm\u00e5 barn. Den lilla kompakta f\u00f6rarhytten kan \u00f6ppnas och armen med skopan l\u00e4tt h\u00f6jas och s\u00e4nkas.<\/p>\n","protected":false},"featured_media":0,"template":"","meta":{"content-type":"","_monsterinsights_skip_tracking":false,"_monsterinsights_sitenote_active":false,"_monsterinsights_sitenote_note":"","_monsterinsights_sitenote_category":0},"product_brand":[],"product_cat":[823],"product_tag":[],"brand":[],"target-group":[],"discontinued":[],"class_list":{"0":"post-60745","1":"product","2":"type-product","3":"status-publish","5":"product_cat-bruder","7":"first","8":"outofstock","9":"taxable","10":"shipping-taxable","11":"product-type-simple"},"aioseo_notices":[],"_links":{"self":[{"href":"https:\/\/games.tactic.net\/sv\/wp-json\/wp\/v2\/product\/60745","targetHints":{"allow":["GET"]}}],"collection":[{"href":"https:\/\/games.tactic.net\/sv\/wp-json\/wp\/v2\/product"}],"about":[{"href":"https:\/\/games.tactic.net\/sv\/wp-json\/wp\/v2\/types\/product"}],"wp:attachment":[{"href":"https:\/\/games.tactic.net\/sv\/wp-json\/wp\/v2\/media?parent=60745"}],"wp:term":[{"taxonomy":"product_brand","embeddable":true,"href":"https:\/\/games.tactic.net\/sv\/wp-json\/wp\/v2\/product_brand?post=60745"},{"taxonomy":"product_cat","embeddable":true,"href":"https:\/\/games.tactic.net\/sv\/wp-json\/wp\/v2\/product_cat?post=60745"},{"taxonomy":"product_tag","embeddable":true,"href":"https:\/\/games.tactic.net\/sv\/wp-json\/wp\/v2\/product_tag?post=60745"},{"taxonomy":"brand","embeddable":true,"href":"https:\/\/games.tactic.net\/sv\/wp-json\/wp\/v2\/brand?post=60745"},{"taxonomy":"target-group","embeddable":true,"href":"https:\/\/games.tactic.net\/sv\/wp-json\/wp\/v2\/target-group?post=60745"},{"taxonomy":"discontinued","embeddable":true,"href":"https:\/\/games.tactic.net\/sv\/wp-json\/wp\/v2\/discontinued?post=60745"}],"curies":[{"name":"wp","href":"https:\/\/api.w.org\/{rel}","templated":true}]}}