{"id":60744,"date":"2021-02-16T10:56:38","date_gmt":"2021-02-16T08:56:38","guid":{"rendered":"https:\/\/dev.tactic.net\/tuote\/roadmax-gravmaskin\/"},"modified":"2021-02-16T10:56:38","modified_gmt":"2021-02-16T08:56:38","slug":"roadmax-gravmaskin","status":"publish","type":"product","link":"https:\/\/games.tactic.net\/sv\/tuote\/roadmax-gravmaskin\/","title":{"rendered":"ROADMAX Gr\u00e4vmaskin"},"content":{"rendered":"<p>Denna gr\u00e4vmaskin \u00e4r en h\u00e5llbar leksak med en konstruktion som l\u00e4mpar sig f\u00f6r sm\u00e5 barn. Den transparenta f\u00f6rarhytten kan \u00f6ppnas uppifr\u00e5n. Gr\u00e4varmen \u00e4r fullt fungerande och kan l\u00e5sas i position. Plogen kan man\u00f6vreras med en spak, vinklas upp och l\u00e5sas i l\u00e4ge.<\/p>\n","protected":false},"excerpt":{"rendered":"<p>Denna gr\u00e4vmaskin \u00e4r en h\u00e5llbar leksak med en konstruktion som l\u00e4mpar sig f\u00f6r sm\u00e5 barn. Den transparenta f\u00f6rarhytten kan \u00f6ppnas uppifr\u00e5n. Gr\u00e4varmen \u00e4r fullt fungerande och kan l\u00e5sas i position. Plogen kan man\u00f6vreras med en spak, vinklas upp och l\u00e5sas i l\u00e4ge.<\/p>\n","protected":false},"featured_media":0,"template":"","meta":{"content-type":"","_monsterinsights_skip_tracking":false,"_monsterinsights_sitenote_active":false,"_monsterinsights_sitenote_note":"","_monsterinsights_sitenote_category":0},"product_brand":[],"product_cat":[823],"product_tag":[],"brand":[],"target-group":[],"discontinued":[],"class_list":{"0":"post-60744","1":"product","2":"type-product","3":"status-publish","5":"product_cat-bruder","7":"first","8":"outofstock","9":"taxable","10":"shipping-taxable","11":"product-type-simple"},"aioseo_notices":[],"_links":{"self":[{"href":"https:\/\/games.tactic.net\/sv\/wp-json\/wp\/v2\/product\/60744","targetHints":{"allow":["GET"]}}],"collection":[{"href":"https:\/\/games.tactic.net\/sv\/wp-json\/wp\/v2\/product"}],"about":[{"href":"https:\/\/games.tactic.net\/sv\/wp-json\/wp\/v2\/types\/product"}],"wp:attachment":[{"href":"https:\/\/games.tactic.net\/sv\/wp-json\/wp\/v2\/media?parent=60744"}],"wp:term":[{"taxonomy":"product_brand","embeddable":true,"href":"https:\/\/games.tactic.net\/sv\/wp-json\/wp\/v2\/product_brand?post=60744"},{"taxonomy":"product_cat","embeddable":true,"href":"https:\/\/games.tactic.net\/sv\/wp-json\/wp\/v2\/product_cat?post=60744"},{"taxonomy":"product_tag","embeddable":true,"href":"https:\/\/games.tactic.net\/sv\/wp-json\/wp\/v2\/product_tag?post=60744"},{"taxonomy":"brand","embeddable":true,"href":"https:\/\/games.tactic.net\/sv\/wp-json\/wp\/v2\/brand?post=60744"},{"taxonomy":"target-group","embeddable":true,"href":"https:\/\/games.tactic.net\/sv\/wp-json\/wp\/v2\/target-group?post=60744"},{"taxonomy":"discontinued","embeddable":true,"href":"https:\/\/games.tactic.net\/sv\/wp-json\/wp\/v2\/discontinued?post=60744"}],"curies":[{"name":"wp","href":"https:\/\/api.w.org\/{rel}","templated":true}]}}