{"id":60743,"date":"2021-02-16T10:56:35","date_gmt":"2021-02-16T08:56:35","guid":{"rendered":"https:\/\/dev.tactic.net\/tuote\/roadmax-sopbil\/"},"modified":"2021-02-16T10:56:35","modified_gmt":"2021-02-16T08:56:35","slug":"roadmax-sopbil","status":"publish","type":"product","link":"https:\/\/games.tactic.net\/sv\/tuote\/roadmax-sopbil\/","title":{"rendered":"ROADMAX Sopbil"},"content":{"rendered":"<p>Sopbilen \u00e4r en h\u00e5llbar leksak med en konstruktion som l\u00e4mpar sig \u00e4ven f\u00f6r sm\u00e5 barn. Den transparenta f\u00f6rarhytten kan \u00f6ppnas uppifr\u00e5n. Sopcontainern kan ocks\u00e5 \u00f6ppnas och tippas. Den utm\u00e4rkta tippfunktionen med hiss f\u00f6r sopk\u00e4rl styrs med en spak. Ett sopk\u00e4rl ing\u00e5r.<\/p>\n","protected":false},"excerpt":{"rendered":"<p>Sopbilen \u00e4r en h\u00e5llbar leksak med en konstruktion som l\u00e4mpar sig \u00e4ven f\u00f6r sm\u00e5 barn. Den transparenta f\u00f6rarhytten kan \u00f6ppnas uppifr\u00e5n. Sopcontainern kan ocks\u00e5 \u00f6ppnas och tippas. Den utm\u00e4rkta tippfunktionen med hiss f\u00f6r sopk\u00e4rl styrs med en spak. Ett sopk\u00e4rl ing\u00e5r.<\/p>\n","protected":false},"featured_media":0,"template":"","meta":{"content-type":"","_monsterinsights_skip_tracking":false,"_monsterinsights_sitenote_active":false,"_monsterinsights_sitenote_note":"","_monsterinsights_sitenote_category":0},"product_brand":[],"product_cat":[823],"product_tag":[],"brand":[],"target-group":[],"discontinued":[],"class_list":{"0":"post-60743","1":"product","2":"type-product","3":"status-publish","5":"product_cat-bruder","7":"first","8":"outofstock","9":"taxable","10":"shipping-taxable","11":"product-type-simple"},"aioseo_notices":[],"_links":{"self":[{"href":"https:\/\/games.tactic.net\/sv\/wp-json\/wp\/v2\/product\/60743","targetHints":{"allow":["GET"]}}],"collection":[{"href":"https:\/\/games.tactic.net\/sv\/wp-json\/wp\/v2\/product"}],"about":[{"href":"https:\/\/games.tactic.net\/sv\/wp-json\/wp\/v2\/types\/product"}],"wp:attachment":[{"href":"https:\/\/games.tactic.net\/sv\/wp-json\/wp\/v2\/media?parent=60743"}],"wp:term":[{"taxonomy":"product_brand","embeddable":true,"href":"https:\/\/games.tactic.net\/sv\/wp-json\/wp\/v2\/product_brand?post=60743"},{"taxonomy":"product_cat","embeddable":true,"href":"https:\/\/games.tactic.net\/sv\/wp-json\/wp\/v2\/product_cat?post=60743"},{"taxonomy":"product_tag","embeddable":true,"href":"https:\/\/games.tactic.net\/sv\/wp-json\/wp\/v2\/product_tag?post=60743"},{"taxonomy":"brand","embeddable":true,"href":"https:\/\/games.tactic.net\/sv\/wp-json\/wp\/v2\/brand?post=60743"},{"taxonomy":"target-group","embeddable":true,"href":"https:\/\/games.tactic.net\/sv\/wp-json\/wp\/v2\/target-group?post=60743"},{"taxonomy":"discontinued","embeddable":true,"href":"https:\/\/games.tactic.net\/sv\/wp-json\/wp\/v2\/discontinued?post=60743"}],"curies":[{"name":"wp","href":"https:\/\/api.w.org\/{rel}","templated":true}]}}