{"id":60742,"date":"2021-02-16T10:56:33","date_gmt":"2021-02-16T08:56:33","guid":{"rendered":"https:\/\/dev.tactic.net\/tuote\/roadmax-dumper-lastbil\/"},"modified":"2021-02-16T10:56:33","modified_gmt":"2021-02-16T08:56:33","slug":"roadmax-dumper-lastbil","status":"publish","type":"product","link":"https:\/\/games.tactic.net\/sv\/tuote\/roadmax-dumper-lastbil\/","title":{"rendered":"ROADMAX Dumper Lastbil"},"content":{"rendered":"<p>Lastbilen \u00e4r en h\u00e5llbar leksak med en konstruktion som l\u00e4mpar sig \u00e4ven f\u00f6r sm\u00e5 barn och med m\u00e5nga verkliga och roliga funktioner. Den transparenta f\u00f6rarhytten kan \u00f6ppnas uppifr\u00e5n. Lastflaket kan tippas till tv\u00e5 sidor.<\/p>\n","protected":false},"excerpt":{"rendered":"<p>Lastbilen \u00e4r en h\u00e5llbar leksak med en konstruktion som l\u00e4mpar sig \u00e4ven f\u00f6r sm\u00e5 barn och med m\u00e5nga verkliga och roliga funktioner. Den transparenta f\u00f6rarhytten kan \u00f6ppnas uppifr\u00e5n. Lastflaket kan tippas till tv\u00e5 sidor.<\/p>\n","protected":false},"featured_media":0,"template":"","meta":{"content-type":"","_monsterinsights_skip_tracking":false,"_monsterinsights_sitenote_active":false,"_monsterinsights_sitenote_note":"","_monsterinsights_sitenote_category":0},"product_brand":[],"product_cat":[823],"product_tag":[],"brand":[],"target-group":[],"discontinued":[],"class_list":{"0":"post-60742","1":"product","2":"type-product","3":"status-publish","5":"product_cat-bruder","7":"first","8":"outofstock","9":"taxable","10":"shipping-taxable","11":"product-type-simple"},"aioseo_notices":[],"_links":{"self":[{"href":"https:\/\/games.tactic.net\/sv\/wp-json\/wp\/v2\/product\/60742","targetHints":{"allow":["GET"]}}],"collection":[{"href":"https:\/\/games.tactic.net\/sv\/wp-json\/wp\/v2\/product"}],"about":[{"href":"https:\/\/games.tactic.net\/sv\/wp-json\/wp\/v2\/types\/product"}],"wp:attachment":[{"href":"https:\/\/games.tactic.net\/sv\/wp-json\/wp\/v2\/media?parent=60742"}],"wp:term":[{"taxonomy":"product_brand","embeddable":true,"href":"https:\/\/games.tactic.net\/sv\/wp-json\/wp\/v2\/product_brand?post=60742"},{"taxonomy":"product_cat","embeddable":true,"href":"https:\/\/games.tactic.net\/sv\/wp-json\/wp\/v2\/product_cat?post=60742"},{"taxonomy":"product_tag","embeddable":true,"href":"https:\/\/games.tactic.net\/sv\/wp-json\/wp\/v2\/product_tag?post=60742"},{"taxonomy":"brand","embeddable":true,"href":"https:\/\/games.tactic.net\/sv\/wp-json\/wp\/v2\/brand?post=60742"},{"taxonomy":"target-group","embeddable":true,"href":"https:\/\/games.tactic.net\/sv\/wp-json\/wp\/v2\/target-group?post=60742"},{"taxonomy":"discontinued","embeddable":true,"href":"https:\/\/games.tactic.net\/sv\/wp-json\/wp\/v2\/discontinued?post=60742"}],"curies":[{"name":"wp","href":"https:\/\/api.w.org\/{rel}","templated":true}]}}