{"id":60741,"date":"2021-02-16T10:56:29","date_gmt":"2021-02-16T08:56:29","guid":{"rendered":"https:\/\/dev.tactic.net\/tuote\/hit-360\/"},"modified":"2022-03-22T12:46:44","modified_gmt":"2022-03-22T10:46:44","slug":"hit-360","status":"archive","type":"product","link":"https:\/\/games.tactic.net\/sv\/tuote\/hit-360\/","title":{"rendered":"Hit 360\u00b0"},"content":{"rendered":"<p>Kul utomhusspel d\u00e4r du ska tr\u00e4ffa k\u00e4glor i r\u00e4tt ordningsf\u00f6ljd.<br \/>\nMittpinnen och m\u00e5ttbandet ger dig 360-graders spelf\u00e4lt s\u00e5 att<br \/>\ndu kan kasta fr\u00e5n alla riktningar!<\/p>\n<div><\/div>\n<div>\u2022 Knuffa r\u00e4tt k\u00e4gla utanf\u00f6r m\u00e5ttbandets<br \/>\nr\u00e4ckvidd s\u00e5 vinner du den!<\/div>\n<div>\u2022 Du kan kasta pinnarna fr\u00e5n vilket h\u00e5ll du vill!<\/div>\n<div><\/div>\n<div>\n<div><img decoding=\"async\" src=\"http:\/\/www.tactic.net\/img\/nuoli.png\" alt=\"Nuoli\" align=\"none\">Ladda ner Hit360 Game Tracker appen s\u00e5 blir det l\u00e4ttare att r\u00e4kna po\u00e4ng:<\/div>\n<div>&lt;a href=&quot;https:\/\/play.google.com\/store\/apps\/details?id=com.tactic.hit360<\/p>\n","protected":false},"excerpt":{"rendered":"<p>Kul utomhusspel d\u00e4r du ska tr\u00e4ffa k\u00e4glor i r\u00e4tt ordningsf\u00f6ljd.<br \/>\nMittpinnen och m\u00e5ttbandet ger dig 360-graders spelf\u00e4lt s\u00e5 att<br \/>\ndu kan kasta fr\u00e5n alla riktningar!<\/p>\n","protected":false},"featured_media":0,"template":"","meta":{"content-type":"","_monsterinsights_skip_tracking":false,"_monsterinsights_sitenote_active":false,"_monsterinsights_sitenote_note":"","_monsterinsights_sitenote_category":0},"product_brand":[],"product_cat":[1536],"product_tag":[],"brand":[],"target-group":[],"discontinued":[],"class_list":{"0":"post-60741","1":"product","2":"type-product","3":"status-archive","5":"product_cat-andra-utomhusspel","7":"first","8":"outofstock","9":"taxable","10":"shipping-taxable","11":"product-type-simple"},"aioseo_notices":[],"_links":{"self":[{"href":"https:\/\/games.tactic.net\/sv\/wp-json\/wp\/v2\/product\/60741","targetHints":{"allow":["GET"]}}],"collection":[{"href":"https:\/\/games.tactic.net\/sv\/wp-json\/wp\/v2\/product"}],"about":[{"href":"https:\/\/games.tactic.net\/sv\/wp-json\/wp\/v2\/types\/product"}],"wp:attachment":[{"href":"https:\/\/games.tactic.net\/sv\/wp-json\/wp\/v2\/media?parent=60741"}],"wp:term":[{"taxonomy":"product_brand","embeddable":true,"href":"https:\/\/games.tactic.net\/sv\/wp-json\/wp\/v2\/product_brand?post=60741"},{"taxonomy":"product_cat","embeddable":true,"href":"https:\/\/games.tactic.net\/sv\/wp-json\/wp\/v2\/product_cat?post=60741"},{"taxonomy":"product_tag","embeddable":true,"href":"https:\/\/games.tactic.net\/sv\/wp-json\/wp\/v2\/product_tag?post=60741"},{"taxonomy":"brand","embeddable":true,"href":"https:\/\/games.tactic.net\/sv\/wp-json\/wp\/v2\/brand?post=60741"},{"taxonomy":"target-group","embeddable":true,"href":"https:\/\/games.tactic.net\/sv\/wp-json\/wp\/v2\/target-group?post=60741"},{"taxonomy":"discontinued","embeddable":true,"href":"https:\/\/games.tactic.net\/sv\/wp-json\/wp\/v2\/discontinued?post=60741"}],"curies":[{"name":"wp","href":"https:\/\/api.w.org\/{rel}","templated":true}]}}