{"id":60740,"date":"2021-02-16T10:56:25","date_gmt":"2021-02-16T08:56:25","guid":{"rendered":"https:\/\/dev.tactic.net\/tuote\/yatzy\/"},"modified":"2023-10-25T14:49:11","modified_gmt":"2023-10-25T11:49:11","slug":"yatzy","status":"publish","type":"product","link":"https:\/\/games.tactic.net\/sv\/tuote\/yatzy\/","title":{"rendered":"Tactic Yatzy t\u00e4rningsspel"},"content":{"rendered":"<p>Ett roligt t\u00e4rningsspel. Yatzy \u00e4r ett gammalt och k\u00e4nt t\u00e4rningsspel, som spelas med fem t\u00e4rningar. Avsikten \u00e4r att f\u00e5 s\u00e5 m\u00e5nga po\u00e4ng som m\u00f6jligt p\u00e5 protokollet.<\/p>\n","protected":false},"excerpt":{"rendered":"<p>Ett roligt t\u00e4rningsspel. Yatzy \u00e4r ett gammalt och k\u00e4nt t\u00e4rningsspel, som spelas med fem t\u00e4rningar.<\/p>\n","protected":false},"featured_media":0,"template":"","meta":{"content-type":"","_monsterinsights_skip_tracking":false,"_monsterinsights_sitenote_active":false,"_monsterinsights_sitenote_note":"","_monsterinsights_sitenote_category":0},"product_brand":[],"product_cat":[1578,1563],"product_tag":[1240,857],"brand":[],"target-group":[],"discontinued":[],"class_list":{"0":"post-60740","1":"product","2":"type-product","3":"status-publish","5":"product_cat-kort-och-tarningsspel-familjespel","6":"product_cat-kort-och-tarningsspel","7":"product_tag-rakning-sv","8":"product_tag-tur","10":"first","11":"outofstock","12":"taxable","13":"shipping-taxable","14":"product-type-simple"},"aioseo_notices":[],"_links":{"self":[{"href":"https:\/\/games.tactic.net\/sv\/wp-json\/wp\/v2\/product\/60740","targetHints":{"allow":["GET"]}}],"collection":[{"href":"https:\/\/games.tactic.net\/sv\/wp-json\/wp\/v2\/product"}],"about":[{"href":"https:\/\/games.tactic.net\/sv\/wp-json\/wp\/v2\/types\/product"}],"wp:attachment":[{"href":"https:\/\/games.tactic.net\/sv\/wp-json\/wp\/v2\/media?parent=60740"}],"wp:term":[{"taxonomy":"product_brand","embeddable":true,"href":"https:\/\/games.tactic.net\/sv\/wp-json\/wp\/v2\/product_brand?post=60740"},{"taxonomy":"product_cat","embeddable":true,"href":"https:\/\/games.tactic.net\/sv\/wp-json\/wp\/v2\/product_cat?post=60740"},{"taxonomy":"product_tag","embeddable":true,"href":"https:\/\/games.tactic.net\/sv\/wp-json\/wp\/v2\/product_tag?post=60740"},{"taxonomy":"brand","embeddable":true,"href":"https:\/\/games.tactic.net\/sv\/wp-json\/wp\/v2\/brand?post=60740"},{"taxonomy":"target-group","embeddable":true,"href":"https:\/\/games.tactic.net\/sv\/wp-json\/wp\/v2\/target-group?post=60740"},{"taxonomy":"discontinued","embeddable":true,"href":"https:\/\/games.tactic.net\/sv\/wp-json\/wp\/v2\/discontinued?post=60740"}],"curies":[{"name":"wp","href":"https:\/\/api.w.org\/{rel}","templated":true}]}}